{"id":5634,"date":"2024-02-08T14:00:35","date_gmt":"2024-02-08T13:00:35","guid":{"rendered":"https:\/\/www.stema.ch\/produits\/eplucheur-pelouse\/"},"modified":"2025-04-15T09:36:04","modified_gmt":"2025-04-15T07:36:04","slug":"eplucheur-pelouse","status":"publish","type":"page","link":"https:\/\/www.stema.ch\/fr\/produits\/eplucheur-pelouse\/","title":{"rendered":"\u00c9plucheur pelouse"},"content":{"rendered":"\t\t<div data-elementor-type=\"wp-page\" data-elementor-id=\"5634\" class=\"elementor elementor-5634 elementor-665\">\n\t\t\t\t\t\t<section class=\"elementor-section elementor-top-section elementor-element elementor-element-2f33ff8 elementor-section-full_width elementor-section-height-default elementor-section-height-default\" data-id=\"2f33ff8\" data-element_type=\"section\" data-e-type=\"section\" data-settings=\"{&quot;background_background&quot;:&quot;classic&quot;}\">\n\t\t\t\t\t\t<div class=\"elementor-container elementor-column-gap-default\">\n\t\t\t\t\t<div class=\"elementor-column elementor-col-100 elementor-top-column elementor-element elementor-element-428869d\" data-id=\"428869d\" data-element_type=\"column\" data-e-type=\"column\">\n\t\t\t<div class=\"elementor-widget-wrap elementor-element-populated\">\n\t\t\t\t\t\t<div class=\"elementor-element elementor-element-f0dd737 elementor-widget elementor-widget-heading\" data-id=\"f0dd737\" data-element_type=\"widget\" data-e-type=\"widget\" data-widget_type=\"heading.default\">\n\t\t\t\t<div class=\"elementor-widget-container\">\n\t\t\t\t\t<h1 class=\"elementor-heading-title elementor-size-default\">\u00c9plucheur pelouse<\/h1>\t\t\t\t<\/div>\n\t\t\t\t<\/div>\n\t\t\t\t\t<\/div>\n\t\t<\/div>\n\t\t\t\t\t<\/div>\n\t\t<\/section>\n\t\t\t\t<section class=\"elementor-section elementor-top-section elementor-element elementor-element-32e8577 elementor-section-full_width elementor-section-height-default elementor-section-height-default\" data-id=\"32e8577\" data-element_type=\"section\" data-e-type=\"section\" data-settings=\"{&quot;background_background&quot;:&quot;classic&quot;}\">\n\t\t\t\t\t\t<div class=\"elementor-container elementor-column-gap-default\">\n\t\t\t\t\t<div class=\"elementor-column elementor-col-100 elementor-top-column elementor-element elementor-element-baa307d\" data-id=\"baa307d\" data-element_type=\"column\" data-e-type=\"column\">\n\t\t\t<div class=\"elementor-widget-wrap elementor-element-populated\">\n\t\t\t\t\t\t<section class=\"elementor-section elementor-inner-section elementor-element elementor-element-b0489dd elementor-section-boxed elementor-section-height-default elementor-section-height-default\" data-id=\"b0489dd\" data-element_type=\"section\" data-e-type=\"section\">\n\t\t\t\t\t\t<div class=\"elementor-container elementor-column-gap-default\">\n\t\t\t\t\t<div class=\"elementor-column elementor-col-100 elementor-inner-column elementor-element elementor-element-417d048\" data-id=\"417d048\" data-element_type=\"column\" data-e-type=\"column\">\n\t\t\t<div class=\"elementor-widget-wrap elementor-element-populated\">\n\t\t\t\t\t\t<div class=\"elementor-element elementor-element-c2c1192 elementor-widget elementor-widget-text-editor\" data-id=\"c2c1192\" data-element_type=\"widget\" data-e-type=\"widget\" data-widget_type=\"text-editor.default\">\n\t\t\t\t<div class=\"elementor-widget-container\">\n\t\t\t\t\t\t\t\t\t<p><a href=\"https:\/\/www.stema.ch\/fr\/produits\/\">Produits<\/a> &gt; \u00c9plucheur pelouse<\/p>\n\t\t\t\t\t\t\t\t<\/div>\n\t\t\t\t<\/div>\n\t\t\t\t\t<\/div>\n\t\t<\/div>\n\t\t\t\t\t<\/div>\n\t\t<\/section>\n\t\t\t\t<section class=\"elementor-section elementor-inner-section elementor-element elementor-element-a0adad6 elementor-section-full_width uebersichtbilder elementor-section-height-default elementor-section-height-default\" data-id=\"a0adad6\" data-element_type=\"section\" data-e-type=\"section\">\n\t\t\t\t\t\t<div class=\"elementor-container elementor-column-gap-wider\">\n\t\t\t\t\t<div class=\"elementor-column elementor-col-33 elementor-inner-column elementor-element elementor-element-a6a19fa\" data-id=\"a6a19fa\" data-element_type=\"column\" data-e-type=\"column\">\n\t\t\t<div class=\"elementor-widget-wrap elementor-element-populated\">\n\t\t\t\t\t\t<div class=\"elementor-element elementor-element-7210460 elementor-widget elementor-widget-image\" data-id=\"7210460\" data-element_type=\"widget\" data-e-type=\"widget\" data-widget_type=\"image.default\">\n\t\t\t\t<div class=\"elementor-widget-container\">\n\t\t\t\t\t\t\t\t\t\t\t\t\t\t\t\t<a href=\"https:\/\/www.stema.ch\/fr\/produits\/eplucheur-pelouse\/l-390\/\">\n\t\t\t\t\t\t\t<img fetchpriority=\"high\" decoding=\"async\" width=\"800\" height=\"800\" src=\"https:\/\/www.stema.ch\/wp-content\/uploads\/2024\/02\/grasschaelmaschine-l390-transparent-1024x1024.png\" class=\"attachment-large size-large wp-image-4402\" alt=\"\" srcset=\"https:\/\/www.stema.ch\/wp-content\/uploads\/2024\/02\/grasschaelmaschine-l390-transparent-1024x1024.png 1024w, https:\/\/www.stema.ch\/wp-content\/uploads\/2024\/02\/grasschaelmaschine-l390-transparent-300x300.png 300w, https:\/\/www.stema.ch\/wp-content\/uploads\/2024\/02\/grasschaelmaschine-l390-transparent-150x150.png 150w, https:\/\/www.stema.ch\/wp-content\/uploads\/2024\/02\/grasschaelmaschine-l390-transparent-768x768.png 768w, https:\/\/www.stema.ch\/wp-content\/uploads\/2024\/02\/grasschaelmaschine-l390-transparent.png 1080w\" sizes=\"(max-width: 800px) 100vw, 800px\" \/>\t\t\t\t\t\t\t\t<\/a>\n\t\t\t\t\t\t\t\t\t\t\t\t\t\t\t<\/div>\n\t\t\t\t<\/div>\n\t\t\t\t<div class=\"elementor-element elementor-element-f0f1d64 elementor-align-center elementor-widget elementor-widget-button\" data-id=\"f0f1d64\" data-element_type=\"widget\" data-e-type=\"widget\" data-widget_type=\"button.default\">\n\t\t\t\t<div class=\"elementor-widget-container\">\n\t\t\t\t\t\t\t\t\t<div class=\"elementor-button-wrapper\">\n\t\t\t\t\t<a class=\"elementor-button elementor-button-link elementor-size-sm\" href=\"https:\/\/www.stema.ch\/fr\/produits\/eplucheur-pelouse\/l-390\/\">\n\t\t\t\t\t\t<span class=\"elementor-button-content-wrapper\">\n\t\t\t\t\t\t\t\t\t<span class=\"elementor-button-text\">L 390<\/span>\n\t\t\t\t\t<\/span>\n\t\t\t\t\t<\/a>\n\t\t\t\t<\/div>\n\t\t\t\t\t\t\t\t<\/div>\n\t\t\t\t<\/div>\n\t\t\t\t\t<\/div>\n\t\t<\/div>\n\t\t\t\t<div class=\"elementor-column elementor-col-33 elementor-inner-column elementor-element elementor-element-46c867f\" data-id=\"46c867f\" data-element_type=\"column\" data-e-type=\"column\">\n\t\t\t<div class=\"elementor-widget-wrap elementor-element-populated\">\n\t\t\t\t\t\t<div class=\"elementor-element elementor-element-4a8ebb0 elementor-widget elementor-widget-image\" data-id=\"4a8ebb0\" data-element_type=\"widget\" data-e-type=\"widget\" data-widget_type=\"image.default\">\n\t\t\t\t<div class=\"elementor-widget-container\">\n\t\t\t\t\t\t\t\t\t\t\t\t\t\t\t\t<a href=\"https:\/\/www.stema.ch\/fr\/produits\/eplucheur-pelouse\/l-390-4x4\/\">\n\t\t\t\t\t\t\t<img fetchpriority=\"high\" decoding=\"async\" width=\"800\" height=\"800\" src=\"https:\/\/www.stema.ch\/wp-content\/uploads\/2024\/02\/grasschaelmaschine-l390-transparent-1024x1024.png\" class=\"attachment-large size-large wp-image-4402\" alt=\"\" srcset=\"https:\/\/www.stema.ch\/wp-content\/uploads\/2024\/02\/grasschaelmaschine-l390-transparent-1024x1024.png 1024w, https:\/\/www.stema.ch\/wp-content\/uploads\/2024\/02\/grasschaelmaschine-l390-transparent-300x300.png 300w, https:\/\/www.stema.ch\/wp-content\/uploads\/2024\/02\/grasschaelmaschine-l390-transparent-150x150.png 150w, https:\/\/www.stema.ch\/wp-content\/uploads\/2024\/02\/grasschaelmaschine-l390-transparent-768x768.png 768w, https:\/\/www.stema.ch\/wp-content\/uploads\/2024\/02\/grasschaelmaschine-l390-transparent.png 1080w\" sizes=\"(max-width: 800px) 100vw, 800px\" \/>\t\t\t\t\t\t\t\t<\/a>\n\t\t\t\t\t\t\t\t\t\t\t\t\t\t\t<\/div>\n\t\t\t\t<\/div>\n\t\t\t\t<div class=\"elementor-element elementor-element-7783faf elementor-align-center elementor-widget elementor-widget-button\" data-id=\"7783faf\" data-element_type=\"widget\" data-e-type=\"widget\" data-widget_type=\"button.default\">\n\t\t\t\t<div class=\"elementor-widget-container\">\n\t\t\t\t\t\t\t\t\t<div class=\"elementor-button-wrapper\">\n\t\t\t\t\t<a class=\"elementor-button elementor-button-link elementor-size-sm\" href=\"https:\/\/www.stema.ch\/fr\/produits\/eplucheur-pelouse\/l-390-4x4\/\">\n\t\t\t\t\t\t<span class=\"elementor-button-content-wrapper\">\n\t\t\t\t\t\t\t\t\t<span class=\"elementor-button-text\">L 390 4x4<\/span>\n\t\t\t\t\t<\/span>\n\t\t\t\t\t<\/a>\n\t\t\t\t<\/div>\n\t\t\t\t\t\t\t\t<\/div>\n\t\t\t\t<\/div>\n\t\t\t\t\t<\/div>\n\t\t<\/div>\n\t\t\t\t<div class=\"elementor-column elementor-col-33 elementor-inner-column elementor-element elementor-element-2480d74\" data-id=\"2480d74\" data-element_type=\"column\" data-e-type=\"column\">\n\t\t\t<div class=\"elementor-widget-wrap\">\n\t\t\t\t\t\t\t<\/div>\n\t\t<\/div>\n\t\t\t\t\t<\/div>\n\t\t<\/section>\n\t\t\t\t<section class=\"elementor-section elementor-inner-section elementor-element elementor-element-9ae1b45 elementor-section-boxed elementor-section-height-default elementor-section-height-default\" data-id=\"9ae1b45\" data-element_type=\"section\" data-e-type=\"section\">\n\t\t\t\t\t\t<div class=\"elementor-container elementor-column-gap-default\">\n\t\t\t\t\t<div class=\"elementor-column elementor-col-100 elementor-inner-column elementor-element elementor-element-ff191a8\" data-id=\"ff191a8\" data-element_type=\"column\" data-e-type=\"column\">\n\t\t\t<div class=\"elementor-widget-wrap elementor-element-populated\">\n\t\t\t\t\t\t<div class=\"elementor-element elementor-element-f4a6e85 elementor-align-center elementor-widget elementor-widget-button\" data-id=\"f4a6e85\" data-element_type=\"widget\" data-e-type=\"widget\" data-widget_type=\"button.default\">\n\t\t\t\t<div class=\"elementor-widget-container\">\n\t\t\t\t\t\t\t\t\t<div class=\"elementor-button-wrapper\">\n\t\t\t\t\t<a class=\"elementor-button elementor-button-link elementor-size-sm\" href=\"https:\/\/www.stema.ch\/fr\/produits\/\">\n\t\t\t\t\t\t<span class=\"elementor-button-content-wrapper\">\n\t\t\t\t\t\t\t\t\t<span class=\"elementor-button-text\">Retour \u00e0 l'aper\u00e7u<\/span>\n\t\t\t\t\t<\/span>\n\t\t\t\t\t<\/a>\n\t\t\t\t<\/div>\n\t\t\t\t\t\t\t\t<\/div>\n\t\t\t\t<\/div>\n\t\t\t\t\t<\/div>\n\t\t<\/div>\n\t\t\t\t\t<\/div>\n\t\t<\/section>\n\t\t\t\t\t<\/div>\n\t\t<\/div>\n\t\t\t\t\t<\/div>\n\t\t<\/section>\n\t\t\t\t<\/div>\n\t\t","protected":false},"excerpt":{"rendered":"<p>\u00c9plucheur pelouse Produits &gt; \u00c9plucheur pelouse L 390 L 390 4&#215;4 Retour \u00e0 l&rsquo;aper\u00e7u<\/p>\n","protected":false},"author":1,"featured_media":0,"parent":5531,"menu_order":0,"comment_status":"closed","ping_status":"closed","template":"","meta":{"footnotes":""},"class_list":["post-5634","page","type-page","status-publish","hentry"],"yoast_head":"<!-- This site is optimized with the Yoast SEO plugin v27.3 - https:\/\/yoast.com\/product\/yoast-seo-wordpress\/ -->\r\n<title>\u00c9plucheur pelouse - Stema Motorger&auml;te<\/title>\r\n<meta name=\"robots\" content=\"index, follow, max-snippet:-1, max-image-preview:large, max-video-preview:-1\" \/>\r\n<link rel=\"canonical\" href=\"https:\/\/www.stema.ch\/fr\/produits\/eplucheur-pelouse\/\" \/>\r\n<meta property=\"og:locale\" content=\"fr_FR\" \/>\r\n<meta property=\"og:type\" content=\"article\" \/>\r\n<meta property=\"og:title\" content=\"\u00c9plucheur pelouse - Stema Motorger&auml;te\" \/>\r\n<meta property=\"og:description\" content=\"\u00c9plucheur pelouse Produits &gt; \u00c9plucheur pelouse L 390 L 390 4&#215;4 Retour \u00e0 l&rsquo;aper\u00e7u\" \/>\r\n<meta property=\"og:url\" content=\"https:\/\/www.stema.ch\/fr\/produits\/eplucheur-pelouse\/\" \/>\r\n<meta property=\"og:site_name\" content=\"Stema Motorger&auml;te\" \/>\r\n<meta property=\"article:modified_time\" content=\"2025-04-15T07:36:04+00:00\" \/>\r\n<meta property=\"og:image\" content=\"https:\/\/www.stema.ch\/wp-content\/uploads\/2024\/02\/grasschaelmaschine-l390-transparent.png\" \/>\r\n\t<meta property=\"og:image:width\" content=\"1080\" \/>\r\n\t<meta property=\"og:image:height\" content=\"1080\" \/>\r\n\t<meta property=\"og:image:type\" content=\"image\/png\" \/>\r\n<meta name=\"twitter:card\" content=\"summary_large_image\" \/>\r\n<meta name=\"twitter:label1\" content=\"Dur\u00e9e de lecture estim\u00e9e\" \/>\n\t<meta name=\"twitter:data1\" content=\"1 minute\" \/>\r\n<script type=\"application\/ld+json\" class=\"yoast-schema-graph\">{\"@context\":\"https:\\\/\\\/schema.org\",\"@graph\":[{\"@type\":\"WebPage\",\"@id\":\"https:\\\/\\\/www.stema.ch\\\/fr\\\/produits\\\/eplucheur-pelouse\\\/\",\"url\":\"https:\\\/\\\/www.stema.ch\\\/fr\\\/produits\\\/eplucheur-pelouse\\\/\",\"name\":\"\u00c9plucheur pelouse - Stema Motorger&auml;te\",\"isPartOf\":{\"@id\":\"https:\\\/\\\/www.stema.ch\\\/fr\\\/#website\"},\"primaryImageOfPage\":{\"@id\":\"https:\\\/\\\/www.stema.ch\\\/fr\\\/produits\\\/eplucheur-pelouse\\\/#primaryimage\"},\"image\":{\"@id\":\"https:\\\/\\\/www.stema.ch\\\/fr\\\/produits\\\/eplucheur-pelouse\\\/#primaryimage\"},\"thumbnailUrl\":\"https:\\\/\\\/www.stema.ch\\\/wp-content\\\/uploads\\\/2024\\\/02\\\/grasschaelmaschine-l390-transparent-1024x1024.png\",\"datePublished\":\"2024-02-08T13:00:35+00:00\",\"dateModified\":\"2025-04-15T07:36:04+00:00\",\"breadcrumb\":{\"@id\":\"https:\\\/\\\/www.stema.ch\\\/fr\\\/produits\\\/eplucheur-pelouse\\\/#breadcrumb\"},\"inLanguage\":\"fr-FR\",\"potentialAction\":[{\"@type\":\"ReadAction\",\"target\":[\"https:\\\/\\\/www.stema.ch\\\/fr\\\/produits\\\/eplucheur-pelouse\\\/\"]}]},{\"@type\":\"ImageObject\",\"inLanguage\":\"fr-FR\",\"@id\":\"https:\\\/\\\/www.stema.ch\\\/fr\\\/produits\\\/eplucheur-pelouse\\\/#primaryimage\",\"url\":\"https:\\\/\\\/www.stema.ch\\\/wp-content\\\/uploads\\\/2024\\\/02\\\/grasschaelmaschine-l390-transparent-1024x1024.png\",\"contentUrl\":\"https:\\\/\\\/www.stema.ch\\\/wp-content\\\/uploads\\\/2024\\\/02\\\/grasschaelmaschine-l390-transparent-1024x1024.png\"},{\"@type\":\"BreadcrumbList\",\"@id\":\"https:\\\/\\\/www.stema.ch\\\/fr\\\/produits\\\/eplucheur-pelouse\\\/#breadcrumb\",\"itemListElement\":[{\"@type\":\"ListItem\",\"position\":1,\"name\":\"Startseite\",\"item\":\"https:\\\/\\\/www.stema.ch\\\/fr\\\/accueil\\\/\"},{\"@type\":\"ListItem\",\"position\":2,\"name\":\"Produits\",\"item\":\"https:\\\/\\\/www.stema.ch\\\/fr\\\/produits\\\/\"},{\"@type\":\"ListItem\",\"position\":3,\"name\":\"\u00c9plucheur pelouse\"}]},{\"@type\":\"WebSite\",\"@id\":\"https:\\\/\\\/www.stema.ch\\\/fr\\\/#website\",\"url\":\"https:\\\/\\\/www.stema.ch\\\/fr\\\/\",\"name\":\"Stema Motorger&auml;te\",\"description\":\"Grossh&auml;ndler f&uuml;r hochstehende Motorger&auml;te\",\"publisher\":{\"@id\":\"https:\\\/\\\/www.stema.ch\\\/fr\\\/#organization\"},\"potentialAction\":[{\"@type\":\"SearchAction\",\"target\":{\"@type\":\"EntryPoint\",\"urlTemplate\":\"https:\\\/\\\/www.stema.ch\\\/fr\\\/?s={search_term_string}\"},\"query-input\":{\"@type\":\"PropertyValueSpecification\",\"valueRequired\":true,\"valueName\":\"search_term_string\"}}],\"inLanguage\":\"fr-FR\"},{\"@type\":\"Organization\",\"@id\":\"https:\\\/\\\/www.stema.ch\\\/fr\\\/#organization\",\"name\":\"Stema Motorger&auml;te\",\"url\":\"https:\\\/\\\/www.stema.ch\\\/fr\\\/\",\"logo\":{\"@type\":\"ImageObject\",\"inLanguage\":\"fr-FR\",\"@id\":\"https:\\\/\\\/www.stema.ch\\\/fr\\\/#\\\/schema\\\/logo\\\/image\\\/\",\"url\":\"https:\\\/\\\/www.stema.ch\\\/wp-content\\\/uploads\\\/2024\\\/01\\\/cropped-logo-klein.jpg\",\"contentUrl\":\"https:\\\/\\\/www.stema.ch\\\/wp-content\\\/uploads\\\/2024\\\/01\\\/cropped-logo-klein.jpg\",\"width\":256,\"height\":86,\"caption\":\"Stema Motorger&auml;te\"},\"image\":{\"@id\":\"https:\\\/\\\/www.stema.ch\\\/fr\\\/#\\\/schema\\\/logo\\\/image\\\/\"}}]}<\/script>\r\n<!-- \/ Yoast SEO plugin. -->","yoast_head_json":{"title":"\u00c9plucheur pelouse - Stema Motorger&auml;te","robots":{"index":"index","follow":"follow","max-snippet":"max-snippet:-1","max-image-preview":"max-image-preview:large","max-video-preview":"max-video-preview:-1"},"canonical":"https:\/\/www.stema.ch\/fr\/produits\/eplucheur-pelouse\/","og_locale":"fr_FR","og_type":"article","og_title":"\u00c9plucheur pelouse - Stema Motorger&auml;te","og_description":"\u00c9plucheur pelouse Produits &gt; \u00c9plucheur pelouse L 390 L 390 4&#215;4 Retour \u00e0 l&rsquo;aper\u00e7u","og_url":"https:\/\/www.stema.ch\/fr\/produits\/eplucheur-pelouse\/","og_site_name":"Stema Motorger&auml;te","article_modified_time":"2025-04-15T07:36:04+00:00","og_image":[{"width":1080,"height":1080,"url":"https:\/\/www.stema.ch\/wp-content\/uploads\/2024\/02\/grasschaelmaschine-l390-transparent.png","type":"image\/png"}],"twitter_card":"summary_large_image","twitter_misc":{"Dur\u00e9e de lecture estim\u00e9e":"1 minute"},"schema":{"@context":"https:\/\/schema.org","@graph":[{"@type":"WebPage","@id":"https:\/\/www.stema.ch\/fr\/produits\/eplucheur-pelouse\/","url":"https:\/\/www.stema.ch\/fr\/produits\/eplucheur-pelouse\/","name":"\u00c9plucheur pelouse - Stema Motorger&auml;te","isPartOf":{"@id":"https:\/\/www.stema.ch\/fr\/#website"},"primaryImageOfPage":{"@id":"https:\/\/www.stema.ch\/fr\/produits\/eplucheur-pelouse\/#primaryimage"},"image":{"@id":"https:\/\/www.stema.ch\/fr\/produits\/eplucheur-pelouse\/#primaryimage"},"thumbnailUrl":"https:\/\/www.stema.ch\/wp-content\/uploads\/2024\/02\/grasschaelmaschine-l390-transparent-1024x1024.png","datePublished":"2024-02-08T13:00:35+00:00","dateModified":"2025-04-15T07:36:04+00:00","breadcrumb":{"@id":"https:\/\/www.stema.ch\/fr\/produits\/eplucheur-pelouse\/#breadcrumb"},"inLanguage":"fr-FR","potentialAction":[{"@type":"ReadAction","target":["https:\/\/www.stema.ch\/fr\/produits\/eplucheur-pelouse\/"]}]},{"@type":"ImageObject","inLanguage":"fr-FR","@id":"https:\/\/www.stema.ch\/fr\/produits\/eplucheur-pelouse\/#primaryimage","url":"https:\/\/www.stema.ch\/wp-content\/uploads\/2024\/02\/grasschaelmaschine-l390-transparent-1024x1024.png","contentUrl":"https:\/\/www.stema.ch\/wp-content\/uploads\/2024\/02\/grasschaelmaschine-l390-transparent-1024x1024.png"},{"@type":"BreadcrumbList","@id":"https:\/\/www.stema.ch\/fr\/produits\/eplucheur-pelouse\/#breadcrumb","itemListElement":[{"@type":"ListItem","position":1,"name":"Startseite","item":"https:\/\/www.stema.ch\/fr\/accueil\/"},{"@type":"ListItem","position":2,"name":"Produits","item":"https:\/\/www.stema.ch\/fr\/produits\/"},{"@type":"ListItem","position":3,"name":"\u00c9plucheur pelouse"}]},{"@type":"WebSite","@id":"https:\/\/www.stema.ch\/fr\/#website","url":"https:\/\/www.stema.ch\/fr\/","name":"Stema Motorger&auml;te","description":"Grossh&auml;ndler f&uuml;r hochstehende Motorger&auml;te","publisher":{"@id":"https:\/\/www.stema.ch\/fr\/#organization"},"potentialAction":[{"@type":"SearchAction","target":{"@type":"EntryPoint","urlTemplate":"https:\/\/www.stema.ch\/fr\/?s={search_term_string}"},"query-input":{"@type":"PropertyValueSpecification","valueRequired":true,"valueName":"search_term_string"}}],"inLanguage":"fr-FR"},{"@type":"Organization","@id":"https:\/\/www.stema.ch\/fr\/#organization","name":"Stema Motorger&auml;te","url":"https:\/\/www.stema.ch\/fr\/","logo":{"@type":"ImageObject","inLanguage":"fr-FR","@id":"https:\/\/www.stema.ch\/fr\/#\/schema\/logo\/image\/","url":"https:\/\/www.stema.ch\/wp-content\/uploads\/2024\/01\/cropped-logo-klein.jpg","contentUrl":"https:\/\/www.stema.ch\/wp-content\/uploads\/2024\/01\/cropped-logo-klein.jpg","width":256,"height":86,"caption":"Stema Motorger&auml;te"},"image":{"@id":"https:\/\/www.stema.ch\/fr\/#\/schema\/logo\/image\/"}}]}},"_links":{"self":[{"href":"https:\/\/www.stema.ch\/fr\/wp-json\/wp\/v2\/pages\/5634","targetHints":{"allow":["GET"]}}],"collection":[{"href":"https:\/\/www.stema.ch\/fr\/wp-json\/wp\/v2\/pages"}],"about":[{"href":"https:\/\/www.stema.ch\/fr\/wp-json\/wp\/v2\/types\/page"}],"author":[{"embeddable":true,"href":"https:\/\/www.stema.ch\/fr\/wp-json\/wp\/v2\/users\/1"}],"replies":[{"embeddable":true,"href":"https:\/\/www.stema.ch\/fr\/wp-json\/wp\/v2\/comments?post=5634"}],"version-history":[{"count":3,"href":"https:\/\/www.stema.ch\/fr\/wp-json\/wp\/v2\/pages\/5634\/revisions"}],"predecessor-version":[{"id":8742,"href":"https:\/\/www.stema.ch\/fr\/wp-json\/wp\/v2\/pages\/5634\/revisions\/8742"}],"up":[{"embeddable":true,"href":"https:\/\/www.stema.ch\/fr\/wp-json\/wp\/v2\/pages\/5531"}],"wp:attachment":[{"href":"https:\/\/www.stema.ch\/fr\/wp-json\/wp\/v2\/media?parent=5634"}],"curies":[{"name":"wp","href":"https:\/\/api.w.org\/{rel}","templated":true}]}}