{"id":5729,"date":"2024-02-09T11:03:43","date_gmt":"2024-02-09T10:03:43","guid":{"rendered":"https:\/\/www.stema.ch\/produits\/broyeuse-telecommandee\/"},"modified":"2026-03-18T09:30:36","modified_gmt":"2026-03-18T08:30:36","slug":"broyeuse-telecommandee","status":"publish","type":"page","link":"https:\/\/www.stema.ch\/fr\/produits\/broyeuse-telecommandee\/","title":{"rendered":"Broyeuse t\u00e9l\u00e9command\u00e9e"},"content":{"rendered":"\t\t<div data-elementor-type=\"wp-page\" data-elementor-id=\"5729\" class=\"elementor elementor-5729 elementor-937\">\n\t\t\t\t\t\t<section class=\"elementor-section elementor-top-section elementor-element elementor-element-2f33ff8 elementor-section-full_width elementor-section-height-default elementor-section-height-default\" data-id=\"2f33ff8\" data-element_type=\"section\" data-e-type=\"section\" data-settings=\"{&quot;background_background&quot;:&quot;classic&quot;}\">\n\t\t\t\t\t\t<div class=\"elementor-container elementor-column-gap-default\">\n\t\t\t\t\t<div class=\"elementor-column elementor-col-100 elementor-top-column elementor-element elementor-element-428869d\" data-id=\"428869d\" data-element_type=\"column\" data-e-type=\"column\">\n\t\t\t<div class=\"elementor-widget-wrap elementor-element-populated\">\n\t\t\t\t\t\t<div class=\"elementor-element elementor-element-f0dd737 elementor-widget elementor-widget-heading\" data-id=\"f0dd737\" data-element_type=\"widget\" data-e-type=\"widget\" data-widget_type=\"heading.default\">\n\t\t\t\t<div class=\"elementor-widget-container\">\n\t\t\t\t\t<h1 class=\"elementor-heading-title elementor-size-default\">Broyeuse t\u00e9l\u00e9command\u00e9e<\/h1>\t\t\t\t<\/div>\n\t\t\t\t<\/div>\n\t\t\t\t\t<\/div>\n\t\t<\/div>\n\t\t\t\t\t<\/div>\n\t\t<\/section>\n\t\t\t\t<section class=\"elementor-section elementor-top-section elementor-element elementor-element-32e8577 elementor-section-full_width elementor-section-height-default elementor-section-height-default\" data-id=\"32e8577\" data-element_type=\"section\" data-e-type=\"section\" data-settings=\"{&quot;background_background&quot;:&quot;classic&quot;}\">\n\t\t\t\t\t\t<div class=\"elementor-container elementor-column-gap-default\">\n\t\t\t\t\t<div class=\"elementor-column elementor-col-100 elementor-top-column elementor-element elementor-element-baa307d\" data-id=\"baa307d\" data-element_type=\"column\" data-e-type=\"column\">\n\t\t\t<div class=\"elementor-widget-wrap elementor-element-populated\">\n\t\t\t\t\t\t<section class=\"elementor-section elementor-inner-section elementor-element elementor-element-b0489dd elementor-section-boxed elementor-section-height-default elementor-section-height-default\" data-id=\"b0489dd\" data-element_type=\"section\" data-e-type=\"section\">\n\t\t\t\t\t\t<div class=\"elementor-container elementor-column-gap-default\">\n\t\t\t\t\t<div class=\"elementor-column elementor-col-100 elementor-inner-column elementor-element elementor-element-417d048\" data-id=\"417d048\" data-element_type=\"column\" data-e-type=\"column\">\n\t\t\t<div class=\"elementor-widget-wrap elementor-element-populated\">\n\t\t\t\t\t\t<div class=\"elementor-element elementor-element-c2c1192 elementor-widget elementor-widget-text-editor\" data-id=\"c2c1192\" data-element_type=\"widget\" data-e-type=\"widget\" data-widget_type=\"text-editor.default\">\n\t\t\t\t<div class=\"elementor-widget-container\">\n\t\t\t\t\t\t\t\t\t<p><a href=\"https:\/\/www.stema.ch\/fr\/produits\/\">Produits<\/a> &gt; Broyeuse t\u00e9l\u00e9command\u00e9e<\/p>\t\t\t\t\t\t\t\t<\/div>\n\t\t\t\t<\/div>\n\t\t\t\t\t<\/div>\n\t\t<\/div>\n\t\t\t\t\t<\/div>\n\t\t<\/section>\n\t\t\t\t<section class=\"elementor-section elementor-inner-section elementor-element elementor-element-a0adad6 elementor-section-full_width uebersichtbilder elementor-section-height-default elementor-section-height-default\" data-id=\"a0adad6\" data-element_type=\"section\" data-e-type=\"section\">\n\t\t\t\t\t\t<div class=\"elementor-container elementor-column-gap-wider\">\n\t\t\t\t\t<div class=\"elementor-column elementor-col-33 elementor-inner-column elementor-element elementor-element-a6a19fa\" data-id=\"a6a19fa\" data-element_type=\"column\" data-e-type=\"column\">\n\t\t\t<div class=\"elementor-widget-wrap elementor-element-populated\">\n\t\t\t\t\t\t<div class=\"elementor-element elementor-element-7210460 elementor-widget elementor-widget-image\" data-id=\"7210460\" data-element_type=\"widget\" data-e-type=\"widget\" data-widget_type=\"image.default\">\n\t\t\t\t<div class=\"elementor-widget-container\">\n\t\t\t\t\t\t\t\t\t\t\t\t\t\t\t\t<a href=\"https:\/\/www.stema.ch\/fr\/produits\/broyeuse-telecommandee\/rator\/\">\n\t\t\t\t\t\t\t<img fetchpriority=\"high\" decoding=\"async\" width=\"800\" height=\"800\" src=\"https:\/\/www.stema.ch\/wp-content\/uploads\/2025\/08\/Ferngesteuerter-Mulchmaeher-Rator-Hauptbild-Transparent-1024x1024.png\" class=\"attachment-large size-large wp-image-9033\" alt=\"Ferngesteuerter Mulchm\u00e4her - Rator - Hauptbild - Transparent\" srcset=\"https:\/\/www.stema.ch\/wp-content\/uploads\/2025\/08\/Ferngesteuerter-Mulchmaeher-Rator-Hauptbild-Transparent-1024x1024.png 1024w, https:\/\/www.stema.ch\/wp-content\/uploads\/2025\/08\/Ferngesteuerter-Mulchmaeher-Rator-Hauptbild-Transparent-300x300.png 300w, https:\/\/www.stema.ch\/wp-content\/uploads\/2025\/08\/Ferngesteuerter-Mulchmaeher-Rator-Hauptbild-Transparent-150x150.png 150w, https:\/\/www.stema.ch\/wp-content\/uploads\/2025\/08\/Ferngesteuerter-Mulchmaeher-Rator-Hauptbild-Transparent-768x768.png 768w, https:\/\/www.stema.ch\/wp-content\/uploads\/2025\/08\/Ferngesteuerter-Mulchmaeher-Rator-Hauptbild-Transparent.png 1080w\" sizes=\"(max-width: 800px) 100vw, 800px\" \/>\t\t\t\t\t\t\t\t<\/a>\n\t\t\t\t\t\t\t\t\t\t\t\t\t\t\t<\/div>\n\t\t\t\t<\/div>\n\t\t\t\t<div class=\"elementor-element elementor-element-f0f1d64 elementor-align-center elementor-widget elementor-widget-button\" data-id=\"f0f1d64\" data-element_type=\"widget\" data-e-type=\"widget\" data-widget_type=\"button.default\">\n\t\t\t\t<div class=\"elementor-widget-container\">\n\t\t\t\t\t\t\t\t\t<div class=\"elementor-button-wrapper\">\n\t\t\t\t\t<a class=\"elementor-button elementor-button-link elementor-size-sm\" href=\"https:\/\/www.stema.ch\/fr\/produits\/broyeuse-telecommandee\/rator\/\">\n\t\t\t\t\t\t<span class=\"elementor-button-content-wrapper\">\n\t\t\t\t\t\t\t\t\t<span class=\"elementor-button-text\">RATOR<\/span>\n\t\t\t\t\t<\/span>\n\t\t\t\t\t<\/a>\n\t\t\t\t<\/div>\n\t\t\t\t\t\t\t\t<\/div>\n\t\t\t\t<\/div>\n\t\t\t\t\t<\/div>\n\t\t<\/div>\n\t\t\t\t<div class=\"elementor-column elementor-col-33 elementor-inner-column elementor-element elementor-element-240e847\" data-id=\"240e847\" data-element_type=\"column\" data-e-type=\"column\">\n\t\t\t<div class=\"elementor-widget-wrap elementor-element-populated\">\n\t\t\t\t\t\t<div class=\"elementor-element elementor-element-b05bc92 elementor-widget elementor-widget-image\" data-id=\"b05bc92\" data-element_type=\"widget\" data-e-type=\"widget\" data-widget_type=\"image.default\">\n\t\t\t\t<div class=\"elementor-widget-container\">\n\t\t\t\t\t\t\t\t\t\t\t\t\t\t\t\t<a href=\"https:\/\/www.stema.ch\/fr\/produits\/broyeuse-telecommandee\/m-550\/\">\n\t\t\t\t\t\t\t<img decoding=\"async\" width=\"800\" height=\"800\" src=\"https:\/\/www.stema.ch\/wp-content\/uploads\/2026\/02\/Ferngesteuerter-Mulchmaeher-M-550-Hauptbild-1024x1024.png\" class=\"attachment-large size-large wp-image-9452\" alt=\"Ferngesteuerter Mulchm\u00e4her - M 550 - Hauptbild\" srcset=\"https:\/\/www.stema.ch\/wp-content\/uploads\/2026\/02\/Ferngesteuerter-Mulchmaeher-M-550-Hauptbild-1024x1024.png 1024w, https:\/\/www.stema.ch\/wp-content\/uploads\/2026\/02\/Ferngesteuerter-Mulchmaeher-M-550-Hauptbild-300x300.png 300w, https:\/\/www.stema.ch\/wp-content\/uploads\/2026\/02\/Ferngesteuerter-Mulchmaeher-M-550-Hauptbild-150x150.png 150w, https:\/\/www.stema.ch\/wp-content\/uploads\/2026\/02\/Ferngesteuerter-Mulchmaeher-M-550-Hauptbild-768x768.png 768w, https:\/\/www.stema.ch\/wp-content\/uploads\/2026\/02\/Ferngesteuerter-Mulchmaeher-M-550-Hauptbild.png 1080w\" sizes=\"(max-width: 800px) 100vw, 800px\" \/>\t\t\t\t\t\t\t\t<\/a>\n\t\t\t\t\t\t\t\t\t\t\t\t\t\t\t<\/div>\n\t\t\t\t<\/div>\n\t\t\t\t<div class=\"elementor-element elementor-element-3d9ded5 elementor-align-center elementor-widget elementor-widget-button\" data-id=\"3d9ded5\" data-element_type=\"widget\" data-e-type=\"widget\" data-widget_type=\"button.default\">\n\t\t\t\t<div class=\"elementor-widget-container\">\n\t\t\t\t\t\t\t\t\t<div class=\"elementor-button-wrapper\">\n\t\t\t\t\t<a class=\"elementor-button elementor-button-link elementor-size-sm\" href=\"https:\/\/www.stema.ch\/fr\/produits\/broyeuse-telecommandee\/m-550\/\">\n\t\t\t\t\t\t<span class=\"elementor-button-content-wrapper\">\n\t\t\t\t\t\t\t\t\t<span class=\"elementor-button-text\">M 550<\/span>\n\t\t\t\t\t<\/span>\n\t\t\t\t\t<\/a>\n\t\t\t\t<\/div>\n\t\t\t\t\t\t\t\t<\/div>\n\t\t\t\t<\/div>\n\t\t\t\t\t<\/div>\n\t\t<\/div>\n\t\t\t\t<div class=\"elementor-column elementor-col-33 elementor-inner-column elementor-element elementor-element-0bf4b7f\" data-id=\"0bf4b7f\" data-element_type=\"column\" data-e-type=\"column\">\n\t\t\t<div class=\"elementor-widget-wrap elementor-element-populated\">\n\t\t\t\t\t\t<div class=\"elementor-element elementor-element-fe825d2 elementor-widget elementor-widget-image\" data-id=\"fe825d2\" data-element_type=\"widget\" data-e-type=\"widget\" data-widget_type=\"image.default\">\n\t\t\t\t<div class=\"elementor-widget-container\">\n\t\t\t\t\t\t\t\t\t\t\t\t\t\t\t\t<a href=\"https:\/\/www.stema.ch\/fr\/produits\/broyeuse-telecommandee\/r-550\/\">\n\t\t\t\t\t\t\t<img decoding=\"async\" width=\"800\" height=\"800\" src=\"https:\/\/www.stema.ch\/wp-content\/uploads\/2026\/02\/Ferngesteuerter-Mulchmaeher-R-550-Hauptbild-1024x1024.png\" class=\"attachment-large size-large wp-image-9464\" alt=\"Ferngesteuerter Mulchm\u00e4her - R 550 - Hauptbild\" srcset=\"https:\/\/www.stema.ch\/wp-content\/uploads\/2026\/02\/Ferngesteuerter-Mulchmaeher-R-550-Hauptbild-1024x1024.png 1024w, https:\/\/www.stema.ch\/wp-content\/uploads\/2026\/02\/Ferngesteuerter-Mulchmaeher-R-550-Hauptbild-300x300.png 300w, https:\/\/www.stema.ch\/wp-content\/uploads\/2026\/02\/Ferngesteuerter-Mulchmaeher-R-550-Hauptbild-150x150.png 150w, https:\/\/www.stema.ch\/wp-content\/uploads\/2026\/02\/Ferngesteuerter-Mulchmaeher-R-550-Hauptbild-768x768.png 768w, https:\/\/www.stema.ch\/wp-content\/uploads\/2026\/02\/Ferngesteuerter-Mulchmaeher-R-550-Hauptbild.png 1080w\" sizes=\"(max-width: 800px) 100vw, 800px\" \/>\t\t\t\t\t\t\t\t<\/a>\n\t\t\t\t\t\t\t\t\t\t\t\t\t\t\t<\/div>\n\t\t\t\t<\/div>\n\t\t\t\t<div class=\"elementor-element elementor-element-583a830 elementor-align-center elementor-widget elementor-widget-button\" data-id=\"583a830\" data-element_type=\"widget\" data-e-type=\"widget\" data-widget_type=\"button.default\">\n\t\t\t\t<div class=\"elementor-widget-container\">\n\t\t\t\t\t\t\t\t\t<div class=\"elementor-button-wrapper\">\n\t\t\t\t\t<a class=\"elementor-button elementor-button-link elementor-size-sm\" href=\"https:\/\/www.stema.ch\/fr\/produits\/broyeuse-telecommandee\/r-550\/\">\n\t\t\t\t\t\t<span class=\"elementor-button-content-wrapper\">\n\t\t\t\t\t\t\t\t\t<span class=\"elementor-button-text\">R 550<\/span>\n\t\t\t\t\t<\/span>\n\t\t\t\t\t<\/a>\n\t\t\t\t<\/div>\n\t\t\t\t\t\t\t\t<\/div>\n\t\t\t\t<\/div>\n\t\t\t\t\t<\/div>\n\t\t<\/div>\n\t\t\t\t\t<\/div>\n\t\t<\/section>\n\t\t\t\t<section class=\"elementor-section elementor-inner-section elementor-element elementor-element-9ae1b45 elementor-section-boxed elementor-section-height-default elementor-section-height-default\" data-id=\"9ae1b45\" data-element_type=\"section\" data-e-type=\"section\">\n\t\t\t\t\t\t<div class=\"elementor-container elementor-column-gap-default\">\n\t\t\t\t\t<div class=\"elementor-column elementor-col-100 elementor-inner-column elementor-element elementor-element-ff191a8\" data-id=\"ff191a8\" data-element_type=\"column\" data-e-type=\"column\">\n\t\t\t<div class=\"elementor-widget-wrap elementor-element-populated\">\n\t\t\t\t\t\t<div class=\"elementor-element elementor-element-f4a6e85 elementor-align-center elementor-widget elementor-widget-button\" data-id=\"f4a6e85\" data-element_type=\"widget\" data-e-type=\"widget\" data-widget_type=\"button.default\">\n\t\t\t\t<div class=\"elementor-widget-container\">\n\t\t\t\t\t\t\t\t\t<div class=\"elementor-button-wrapper\">\n\t\t\t\t\t<a class=\"elementor-button elementor-button-link elementor-size-sm\" href=\"https:\/\/www.stema.ch\/fr\/produits\/\">\n\t\t\t\t\t\t<span class=\"elementor-button-content-wrapper\">\n\t\t\t\t\t\t\t\t\t<span class=\"elementor-button-text\">Retour \u00e0 l'aper\u00e7u<\/span>\n\t\t\t\t\t<\/span>\n\t\t\t\t\t<\/a>\n\t\t\t\t<\/div>\n\t\t\t\t\t\t\t\t<\/div>\n\t\t\t\t<\/div>\n\t\t\t\t\t<\/div>\n\t\t<\/div>\n\t\t\t\t\t<\/div>\n\t\t<\/section>\n\t\t\t\t\t<\/div>\n\t\t<\/div>\n\t\t\t\t\t<\/div>\n\t\t<\/section>\n\t\t\t\t<\/div>\n\t\t","protected":false},"excerpt":{"rendered":"<p>Broyeuse t\u00e9l\u00e9command\u00e9e Produits &gt; Broyeuse t\u00e9l\u00e9command\u00e9e RATOR M 550 R 550 Retour \u00e0 l&rsquo;aper\u00e7u<\/p>\n","protected":false},"author":1,"featured_media":0,"parent":5531,"menu_order":0,"comment_status":"closed","ping_status":"closed","template":"","meta":{"footnotes":""},"class_list":["post-5729","page","type-page","status-publish","hentry"],"yoast_head":"<!-- This site is optimized with the Yoast SEO plugin v27.4 - https:\/\/yoast.com\/product\/yoast-seo-wordpress\/ -->\r\n<title>Broyeuse t\u00e9l\u00e9command\u00e9e - Stema Motorger&auml;te<\/title>\r\n<meta name=\"robots\" content=\"index, follow, max-snippet:-1, max-image-preview:large, max-video-preview:-1\" \/>\r\n<link rel=\"canonical\" href=\"https:\/\/www.stema.ch\/fr\/produits\/broyeuse-telecommandee\/\" \/>\r\n<meta property=\"og:locale\" content=\"fr_FR\" \/>\r\n<meta property=\"og:type\" content=\"article\" \/>\r\n<meta property=\"og:title\" content=\"Broyeuse t\u00e9l\u00e9command\u00e9e - Stema Motorger&auml;te\" \/>\r\n<meta property=\"og:description\" content=\"Broyeuse t\u00e9l\u00e9command\u00e9e Produits &gt; Broyeuse t\u00e9l\u00e9command\u00e9e RATOR M 550 R 550 Retour \u00e0 l&rsquo;aper\u00e7u\" \/>\r\n<meta property=\"og:url\" content=\"https:\/\/www.stema.ch\/fr\/produits\/broyeuse-telecommandee\/\" \/>\r\n<meta property=\"og:site_name\" content=\"Stema Motorger&auml;te\" \/>\r\n<meta property=\"article:modified_time\" content=\"2026-03-18T08:30:36+00:00\" \/>\r\n<meta property=\"og:image\" content=\"https:\/\/www.stema.ch\/wp-content\/uploads\/2025\/08\/Ferngesteuerter-Mulchmaeher-Rator-Hauptbild-Transparent.png\" \/>\r\n\t<meta property=\"og:image:width\" content=\"1080\" \/>\r\n\t<meta property=\"og:image:height\" content=\"1080\" \/>\r\n\t<meta property=\"og:image:type\" content=\"image\/png\" \/>\r\n<meta name=\"twitter:card\" content=\"summary_large_image\" \/>\r\n<meta name=\"twitter:label1\" content=\"Dur\u00e9e de lecture estim\u00e9e\" \/>\n\t<meta name=\"twitter:data1\" content=\"1 minute\" \/>\r\n<script type=\"application\/ld+json\" class=\"yoast-schema-graph\">{\"@context\":\"https:\\\/\\\/schema.org\",\"@graph\":[{\"@type\":\"WebPage\",\"@id\":\"https:\\\/\\\/www.stema.ch\\\/fr\\\/produits\\\/broyeuse-telecommandee\\\/\",\"url\":\"https:\\\/\\\/www.stema.ch\\\/fr\\\/produits\\\/broyeuse-telecommandee\\\/\",\"name\":\"Broyeuse t\u00e9l\u00e9command\u00e9e - Stema Motorger&auml;te\",\"isPartOf\":{\"@id\":\"https:\\\/\\\/www.stema.ch\\\/fr\\\/#website\"},\"primaryImageOfPage\":{\"@id\":\"https:\\\/\\\/www.stema.ch\\\/fr\\\/produits\\\/broyeuse-telecommandee\\\/#primaryimage\"},\"image\":{\"@id\":\"https:\\\/\\\/www.stema.ch\\\/fr\\\/produits\\\/broyeuse-telecommandee\\\/#primaryimage\"},\"thumbnailUrl\":\"https:\\\/\\\/www.stema.ch\\\/wp-content\\\/uploads\\\/2025\\\/08\\\/Ferngesteuerter-Mulchmaeher-Rator-Hauptbild-Transparent-1024x1024.png\",\"datePublished\":\"2024-02-09T10:03:43+00:00\",\"dateModified\":\"2026-03-18T08:30:36+00:00\",\"breadcrumb\":{\"@id\":\"https:\\\/\\\/www.stema.ch\\\/fr\\\/produits\\\/broyeuse-telecommandee\\\/#breadcrumb\"},\"inLanguage\":\"fr-FR\",\"potentialAction\":[{\"@type\":\"ReadAction\",\"target\":[\"https:\\\/\\\/www.stema.ch\\\/fr\\\/produits\\\/broyeuse-telecommandee\\\/\"]}]},{\"@type\":\"ImageObject\",\"inLanguage\":\"fr-FR\",\"@id\":\"https:\\\/\\\/www.stema.ch\\\/fr\\\/produits\\\/broyeuse-telecommandee\\\/#primaryimage\",\"url\":\"https:\\\/\\\/www.stema.ch\\\/wp-content\\\/uploads\\\/2025\\\/08\\\/Ferngesteuerter-Mulchmaeher-Rator-Hauptbild-Transparent-1024x1024.png\",\"contentUrl\":\"https:\\\/\\\/www.stema.ch\\\/wp-content\\\/uploads\\\/2025\\\/08\\\/Ferngesteuerter-Mulchmaeher-Rator-Hauptbild-Transparent-1024x1024.png\"},{\"@type\":\"BreadcrumbList\",\"@id\":\"https:\\\/\\\/www.stema.ch\\\/fr\\\/produits\\\/broyeuse-telecommandee\\\/#breadcrumb\",\"itemListElement\":[{\"@type\":\"ListItem\",\"position\":1,\"name\":\"Startseite\",\"item\":\"https:\\\/\\\/www.stema.ch\\\/fr\\\/accueil\\\/\"},{\"@type\":\"ListItem\",\"position\":2,\"name\":\"Produits\",\"item\":\"https:\\\/\\\/www.stema.ch\\\/fr\\\/produits\\\/\"},{\"@type\":\"ListItem\",\"position\":3,\"name\":\"Broyeuse t\u00e9l\u00e9command\u00e9e\"}]},{\"@type\":\"WebSite\",\"@id\":\"https:\\\/\\\/www.stema.ch\\\/fr\\\/#website\",\"url\":\"https:\\\/\\\/www.stema.ch\\\/fr\\\/\",\"name\":\"Stema Motorger&auml;te\",\"description\":\"Grossh&auml;ndler f&uuml;r hochstehende Motorger&auml;te\",\"publisher\":{\"@id\":\"https:\\\/\\\/www.stema.ch\\\/fr\\\/#organization\"},\"potentialAction\":[{\"@type\":\"SearchAction\",\"target\":{\"@type\":\"EntryPoint\",\"urlTemplate\":\"https:\\\/\\\/www.stema.ch\\\/fr\\\/?s={search_term_string}\"},\"query-input\":{\"@type\":\"PropertyValueSpecification\",\"valueRequired\":true,\"valueName\":\"search_term_string\"}}],\"inLanguage\":\"fr-FR\"},{\"@type\":\"Organization\",\"@id\":\"https:\\\/\\\/www.stema.ch\\\/fr\\\/#organization\",\"name\":\"Stema Motorger&auml;te\",\"url\":\"https:\\\/\\\/www.stema.ch\\\/fr\\\/\",\"logo\":{\"@type\":\"ImageObject\",\"inLanguage\":\"fr-FR\",\"@id\":\"https:\\\/\\\/www.stema.ch\\\/fr\\\/#\\\/schema\\\/logo\\\/image\\\/\",\"url\":\"https:\\\/\\\/www.stema.ch\\\/wp-content\\\/uploads\\\/2024\\\/01\\\/cropped-logo-klein.jpg\",\"contentUrl\":\"https:\\\/\\\/www.stema.ch\\\/wp-content\\\/uploads\\\/2024\\\/01\\\/cropped-logo-klein.jpg\",\"width\":256,\"height\":86,\"caption\":\"Stema Motorger&auml;te\"},\"image\":{\"@id\":\"https:\\\/\\\/www.stema.ch\\\/fr\\\/#\\\/schema\\\/logo\\\/image\\\/\"}}]}<\/script>\r\n<!-- \/ Yoast SEO plugin. -->","yoast_head_json":{"title":"Broyeuse t\u00e9l\u00e9command\u00e9e - Stema Motorger&auml;te","robots":{"index":"index","follow":"follow","max-snippet":"max-snippet:-1","max-image-preview":"max-image-preview:large","max-video-preview":"max-video-preview:-1"},"canonical":"https:\/\/www.stema.ch\/fr\/produits\/broyeuse-telecommandee\/","og_locale":"fr_FR","og_type":"article","og_title":"Broyeuse t\u00e9l\u00e9command\u00e9e - Stema Motorger&auml;te","og_description":"Broyeuse t\u00e9l\u00e9command\u00e9e Produits &gt; Broyeuse t\u00e9l\u00e9command\u00e9e RATOR M 550 R 550 Retour \u00e0 l&rsquo;aper\u00e7u","og_url":"https:\/\/www.stema.ch\/fr\/produits\/broyeuse-telecommandee\/","og_site_name":"Stema Motorger&auml;te","article_modified_time":"2026-03-18T08:30:36+00:00","og_image":[{"width":1080,"height":1080,"url":"https:\/\/www.stema.ch\/wp-content\/uploads\/2025\/08\/Ferngesteuerter-Mulchmaeher-Rator-Hauptbild-Transparent.png","type":"image\/png"}],"twitter_card":"summary_large_image","twitter_misc":{"Dur\u00e9e de lecture estim\u00e9e":"1 minute"},"schema":{"@context":"https:\/\/schema.org","@graph":[{"@type":"WebPage","@id":"https:\/\/www.stema.ch\/fr\/produits\/broyeuse-telecommandee\/","url":"https:\/\/www.stema.ch\/fr\/produits\/broyeuse-telecommandee\/","name":"Broyeuse t\u00e9l\u00e9command\u00e9e - Stema Motorger&auml;te","isPartOf":{"@id":"https:\/\/www.stema.ch\/fr\/#website"},"primaryImageOfPage":{"@id":"https:\/\/www.stema.ch\/fr\/produits\/broyeuse-telecommandee\/#primaryimage"},"image":{"@id":"https:\/\/www.stema.ch\/fr\/produits\/broyeuse-telecommandee\/#primaryimage"},"thumbnailUrl":"https:\/\/www.stema.ch\/wp-content\/uploads\/2025\/08\/Ferngesteuerter-Mulchmaeher-Rator-Hauptbild-Transparent-1024x1024.png","datePublished":"2024-02-09T10:03:43+00:00","dateModified":"2026-03-18T08:30:36+00:00","breadcrumb":{"@id":"https:\/\/www.stema.ch\/fr\/produits\/broyeuse-telecommandee\/#breadcrumb"},"inLanguage":"fr-FR","potentialAction":[{"@type":"ReadAction","target":["https:\/\/www.stema.ch\/fr\/produits\/broyeuse-telecommandee\/"]}]},{"@type":"ImageObject","inLanguage":"fr-FR","@id":"https:\/\/www.stema.ch\/fr\/produits\/broyeuse-telecommandee\/#primaryimage","url":"https:\/\/www.stema.ch\/wp-content\/uploads\/2025\/08\/Ferngesteuerter-Mulchmaeher-Rator-Hauptbild-Transparent-1024x1024.png","contentUrl":"https:\/\/www.stema.ch\/wp-content\/uploads\/2025\/08\/Ferngesteuerter-Mulchmaeher-Rator-Hauptbild-Transparent-1024x1024.png"},{"@type":"BreadcrumbList","@id":"https:\/\/www.stema.ch\/fr\/produits\/broyeuse-telecommandee\/#breadcrumb","itemListElement":[{"@type":"ListItem","position":1,"name":"Startseite","item":"https:\/\/www.stema.ch\/fr\/accueil\/"},{"@type":"ListItem","position":2,"name":"Produits","item":"https:\/\/www.stema.ch\/fr\/produits\/"},{"@type":"ListItem","position":3,"name":"Broyeuse t\u00e9l\u00e9command\u00e9e"}]},{"@type":"WebSite","@id":"https:\/\/www.stema.ch\/fr\/#website","url":"https:\/\/www.stema.ch\/fr\/","name":"Stema Motorger&auml;te","description":"Grossh&auml;ndler f&uuml;r hochstehende Motorger&auml;te","publisher":{"@id":"https:\/\/www.stema.ch\/fr\/#organization"},"potentialAction":[{"@type":"SearchAction","target":{"@type":"EntryPoint","urlTemplate":"https:\/\/www.stema.ch\/fr\/?s={search_term_string}"},"query-input":{"@type":"PropertyValueSpecification","valueRequired":true,"valueName":"search_term_string"}}],"inLanguage":"fr-FR"},{"@type":"Organization","@id":"https:\/\/www.stema.ch\/fr\/#organization","name":"Stema Motorger&auml;te","url":"https:\/\/www.stema.ch\/fr\/","logo":{"@type":"ImageObject","inLanguage":"fr-FR","@id":"https:\/\/www.stema.ch\/fr\/#\/schema\/logo\/image\/","url":"https:\/\/www.stema.ch\/wp-content\/uploads\/2024\/01\/cropped-logo-klein.jpg","contentUrl":"https:\/\/www.stema.ch\/wp-content\/uploads\/2024\/01\/cropped-logo-klein.jpg","width":256,"height":86,"caption":"Stema Motorger&auml;te"},"image":{"@id":"https:\/\/www.stema.ch\/fr\/#\/schema\/logo\/image\/"}}]}},"_links":{"self":[{"href":"https:\/\/www.stema.ch\/fr\/wp-json\/wp\/v2\/pages\/5729","targetHints":{"allow":["GET"]}}],"collection":[{"href":"https:\/\/www.stema.ch\/fr\/wp-json\/wp\/v2\/pages"}],"about":[{"href":"https:\/\/www.stema.ch\/fr\/wp-json\/wp\/v2\/types\/page"}],"author":[{"embeddable":true,"href":"https:\/\/www.stema.ch\/fr\/wp-json\/wp\/v2\/users\/1"}],"replies":[{"embeddable":true,"href":"https:\/\/www.stema.ch\/fr\/wp-json\/wp\/v2\/comments?post=5729"}],"version-history":[{"count":21,"href":"https:\/\/www.stema.ch\/fr\/wp-json\/wp\/v2\/pages\/5729\/revisions"}],"predecessor-version":[{"id":9983,"href":"https:\/\/www.stema.ch\/fr\/wp-json\/wp\/v2\/pages\/5729\/revisions\/9983"}],"up":[{"embeddable":true,"href":"https:\/\/www.stema.ch\/fr\/wp-json\/wp\/v2\/pages\/5531"}],"wp:attachment":[{"href":"https:\/\/www.stema.ch\/fr\/wp-json\/wp\/v2\/media?parent=5729"}],"curies":[{"name":"wp","href":"https:\/\/api.w.org\/{rel}","templated":true}]}}