{"id":6288,"date":"2024-02-21T08:22:28","date_gmt":"2024-02-21T07:22:28","guid":{"rendered":"https:\/\/www.stema.ch\/contact\/"},"modified":"2024-03-16T10:43:12","modified_gmt":"2024-03-16T09:43:12","slug":"contact","status":"publish","type":"page","link":"https:\/\/www.stema.ch\/fr\/contact\/","title":{"rendered":"Contact"},"content":{"rendered":"\t\t<div data-elementor-type=\"wp-page\" data-elementor-id=\"6288\" class=\"elementor elementor-6288 elementor-3110\">\n\t\t\t\t\t\t<section class=\"elementor-section elementor-top-section elementor-element elementor-element-2f33ff8 elementor-section-full_width elementor-section-height-default elementor-section-height-default\" data-id=\"2f33ff8\" data-element_type=\"section\" data-e-type=\"section\" data-settings=\"{&quot;background_background&quot;:&quot;classic&quot;}\">\n\t\t\t\t\t\t<div class=\"elementor-container elementor-column-gap-default\">\n\t\t\t\t\t<div class=\"elementor-column elementor-col-100 elementor-top-column elementor-element elementor-element-428869d\" data-id=\"428869d\" data-element_type=\"column\" data-e-type=\"column\">\n\t\t\t<div class=\"elementor-widget-wrap elementor-element-populated\">\n\t\t\t\t\t\t<div class=\"elementor-element elementor-element-f0dd737 elementor-widget elementor-widget-heading\" data-id=\"f0dd737\" data-element_type=\"widget\" data-e-type=\"widget\" data-widget_type=\"heading.default\">\n\t\t\t\t<div class=\"elementor-widget-container\">\n\t\t\t\t\t<h1 class=\"elementor-heading-title elementor-size-default\">Contact<\/h1>\t\t\t\t<\/div>\n\t\t\t\t<\/div>\n\t\t\t\t\t<\/div>\n\t\t<\/div>\n\t\t\t\t\t<\/div>\n\t\t<\/section>\n\t\t\t\t<section class=\"elementor-section elementor-top-section elementor-element elementor-element-32e8577 elementor-section-full_width elementor-section-height-default elementor-section-height-default\" data-id=\"32e8577\" data-element_type=\"section\" data-e-type=\"section\" data-settings=\"{&quot;background_background&quot;:&quot;classic&quot;}\">\n\t\t\t\t\t\t<div class=\"elementor-container elementor-column-gap-default\">\n\t\t\t\t\t<div class=\"elementor-column elementor-col-100 elementor-top-column elementor-element elementor-element-baa307d\" data-id=\"baa307d\" data-element_type=\"column\" data-e-type=\"column\">\n\t\t\t<div class=\"elementor-widget-wrap elementor-element-populated\">\n\t\t\t\t\t\t<section class=\"elementor-section elementor-inner-section elementor-element elementor-element-a0adad6 elementor-section-full_width uebersichtbilder elementor-section-height-default elementor-section-height-default\" data-id=\"a0adad6\" data-element_type=\"section\" data-e-type=\"section\">\n\t\t\t\t\t\t<div class=\"elementor-container elementor-column-gap-wider\">\n\t\t\t\t\t<div class=\"elementor-column elementor-col-100 elementor-inner-column elementor-element elementor-element-a6a19fa\" data-id=\"a6a19fa\" data-element_type=\"column\" data-e-type=\"column\">\n\t\t\t<div class=\"elementor-widget-wrap elementor-element-populated\">\n\t\t\t\t\t\t<div class=\"elementor-element elementor-element-4f5d5a3e elementor-widget elementor-widget-text-editor\" data-id=\"4f5d5a3e\" data-element_type=\"widget\" data-e-type=\"widget\" data-widget_type=\"text-editor.default\">\n\t\t\t\t<div class=\"elementor-widget-container\">\n\t\t\t\t\t\t\t\t\t<p>Avez-vous une question ou souhaitez-vous une consultation sans engagement?<br \/>Nous sommes l\u00e0 pour vous avec plaisir!<\/p>\n<p>En tant que grossiste, nous distribuons nos produits exclusivement via nos revendeurs. Si vous \u00eates un client final int\u00e9ress\u00e9 par l&rsquo;un de nos produits, vous trouverez dans notre liste de revendeurs tous les entreprises qui vendent nos produits aux clients finaux.<\/p>\n\t\t\t\t\t\t\t\t<\/div>\n\t\t\t\t<\/div>\n\t\t\t\t<div class=\"elementor-element elementor-element-74199e6 elementor-widget elementor-widget-text-editor\" data-id=\"74199e6\" data-element_type=\"widget\" data-e-type=\"widget\" data-widget_type=\"text-editor.default\">\n\t\t\t\t<div class=\"elementor-widget-container\">\n\t\t\t\t\t\t\t\t\t<p>stema MOTORGER\u00c4TE<\/p>\n\t\t\t\t\t\t\t\t<\/div>\n\t\t\t\t<\/div>\n\t\t\t\t<div class=\"elementor-element elementor-element-92b9fd6 elementor-widget elementor-widget-text-editor\" data-id=\"92b9fd6\" data-element_type=\"widget\" data-e-type=\"widget\" data-widget_type=\"text-editor.default\">\n\t\t\t\t<div class=\"elementor-widget-container\">\n\t\t\t\t\t\t\t\t\t<p>Stephan Bodenmann<br \/>Voreichstrasse 2<br \/>4417 Ziefen<br \/>Suisse<\/p>\n<p>Tel: 061 933 93 93<br \/>E-Mail: info@stema.ch<\/p>\n\t\t\t\t\t\t\t\t<\/div>\n\t\t\t\t<\/div>\n\t\t\t\t\t<\/div>\n\t\t<\/div>\n\t\t\t\t\t<\/div>\n\t\t<\/section>\n\t\t\t\t<section class=\"elementor-section elementor-inner-section elementor-element elementor-element-fc8d840 elementor-section-full_width uebersichtbilder elementor-section-height-default elementor-section-height-default\" data-id=\"fc8d840\" data-element_type=\"section\" data-e-type=\"section\">\n\t\t\t\t\t\t<div class=\"elementor-container elementor-column-gap-wider\">\n\t\t\t\t\t<div class=\"elementor-column elementor-col-50 elementor-inner-column elementor-element elementor-element-4da731b\" data-id=\"4da731b\" data-element_type=\"column\" data-e-type=\"column\">\n\t\t\t<div class=\"elementor-widget-wrap elementor-element-populated\">\n\t\t\t\t\t\t<div class=\"elementor-element elementor-element-fcf53ff elementor-widget elementor-widget-text-editor\" data-id=\"fcf53ff\" data-element_type=\"widget\" data-e-type=\"widget\" data-widget_type=\"text-editor.default\">\n\t\t\t\t<div class=\"elementor-widget-container\">\n\t\t\t\t\t\t\t\t\t<p>Envoyez-nous un message<\/p>\n\t\t\t\t\t\t\t\t<\/div>\n\t\t\t\t<\/div>\n\t\t\t\t<div class=\"elementor-element elementor-element-b402a0f elementor-widget elementor-widget-elementskit-contact-form7\" data-id=\"b402a0f\" data-element_type=\"widget\" data-e-type=\"widget\" data-widget_type=\"elementskit-contact-form7.default\">\n\t\t\t\t<div class=\"elementor-widget-container\">\n\t\t\t\t\t<div class=\"ekit-wid-con\" ><div class=\"ekit-form\">\n<div class=\"wpcf7 no-js\" id=\"wpcf7-f6291-p6288-o1\" lang=\"de-DE\" dir=\"ltr\" data-wpcf7-id=\"6291\">\n<div class=\"screen-reader-response\"><p role=\"status\" aria-live=\"polite\" aria-atomic=\"true\"><\/p> <ul><\/ul><\/div>\n<form action=\"\/fr\/contact\/#wpcf7-f6291-p6288-o1\" method=\"post\" class=\"wpcf7-form init\" aria-label=\"Kontaktformular\" novalidate=\"novalidate\" data-status=\"init\">\n<fieldset class=\"hidden-fields-container\"><input type=\"hidden\" name=\"_wpcf7\" value=\"6291\" \/><input type=\"hidden\" name=\"_wpcf7_version\" value=\"6.1.5\" \/><input type=\"hidden\" name=\"_wpcf7_locale\" value=\"de_DE\" \/><input type=\"hidden\" name=\"_wpcf7_unit_tag\" value=\"wpcf7-f6291-p6288-o1\" \/><input type=\"hidden\" name=\"_wpcf7_container_post\" value=\"6288\" \/><input type=\"hidden\" name=\"_wpcf7_posted_data_hash\" value=\"\" \/>\n<\/fieldset>\n<p><label> Nom<br \/>\n<span class=\"wpcf7-form-control-wrap\" data-name=\"your-name\"><input size=\"40\" maxlength=\"400\" class=\"wpcf7-form-control wpcf7-text wpcf7-validates-as-required\" autocomplete=\"name\" aria-required=\"true\" aria-invalid=\"false\" value=\"\" type=\"text\" name=\"your-name\" \/><\/span> <\/label>\n<\/p>\n<p><label> E-Mail<br \/>\n<span class=\"wpcf7-form-control-wrap\" data-name=\"your-email\"><input size=\"40\" maxlength=\"400\" class=\"wpcf7-form-control wpcf7-email wpcf7-validates-as-required wpcf7-text wpcf7-validates-as-email\" autocomplete=\"email\" aria-required=\"true\" aria-invalid=\"false\" value=\"\" type=\"email\" name=\"your-email\" \/><\/span> <\/label>\n<\/p>\n<p><label> Message<br \/>\n<span class=\"wpcf7-form-control-wrap\" data-name=\"your-message\"><textarea cols=\"40\" rows=\"10\" maxlength=\"2000\" class=\"wpcf7-form-control wpcf7-textarea wpcf7-validates-as-required\" aria-required=\"true\" aria-invalid=\"false\" name=\"your-message\"><\/textarea><\/span> <\/label>\n<\/p>\n<p><input class=\"wpcf7-form-control wpcf7-submit has-spinner\" type=\"submit\" value=\"Envoyer\" \/>\n<\/p><div class=\"wpcf7-response-output\" aria-hidden=\"true\"><\/div>\n<\/form>\n<\/div>\n<\/div><\/div>\t\t\t\t<\/div>\n\t\t\t\t<\/div>\n\t\t\t\t\t<\/div>\n\t\t<\/div>\n\t\t\t\t<div class=\"elementor-column elementor-col-50 elementor-inner-column elementor-element elementor-element-f080175\" data-id=\"f080175\" data-element_type=\"column\" data-e-type=\"column\">\n\t\t\t<div class=\"elementor-widget-wrap elementor-element-populated\">\n\t\t\t\t\t\t<div class=\"elementor-element elementor-element-67fa3ca elementor-widget elementor-widget-image\" data-id=\"67fa3ca\" data-element_type=\"widget\" data-e-type=\"widget\" data-widget_type=\"image.default\">\n\t\t\t\t<div class=\"elementor-widget-container\">\n\t\t\t\t\t\t\t\t\t\t\t\t\t\t\t\t<a href=\"https:\/\/www.stema.ch\/fr\/produits\/motofaucheuses\/mono\/\">\n\t\t\t\t\t\t\t<img fetchpriority=\"high\" decoding=\"async\" width=\"680\" height=\"510\" src=\"https:\/\/www.stema.ch\/wp-content\/uploads\/2024\/03\/Bild-Stema-Kontaktseite.jpg\" class=\"attachment-large size-large wp-image-5418\" alt=\"\" srcset=\"https:\/\/www.stema.ch\/wp-content\/uploads\/2024\/03\/Bild-Stema-Kontaktseite.jpg 680w, https:\/\/www.stema.ch\/wp-content\/uploads\/2024\/03\/Bild-Stema-Kontaktseite-300x225.jpg 300w\" sizes=\"(max-width: 680px) 100vw, 680px\" \/>\t\t\t\t\t\t\t\t<\/a>\n\t\t\t\t\t\t\t\t\t\t\t\t\t\t\t<\/div>\n\t\t\t\t<\/div>\n\t\t\t\t\t<\/div>\n\t\t<\/div>\n\t\t\t\t\t<\/div>\n\t\t<\/section>\n\t\t\t\t\t<\/div>\n\t\t<\/div>\n\t\t\t\t\t<\/div>\n\t\t<\/section>\n\t\t\t\t<\/div>\n\t\t","protected":false},"excerpt":{"rendered":"<p>Contact Avez-vous une question ou souhaitez-vous une consultation sans engagement?Nous sommes l\u00e0 pour vous avec plaisir! En tant que grossiste, nous distribuons nos produits exclusivement via nos revendeurs. Si vous \u00eates un client final int\u00e9ress\u00e9 par l&rsquo;un de nos produits, vous trouverez dans notre liste de revendeurs tous les entreprises qui vendent nos produits aux [&hellip;]<\/p>\n","protected":false},"author":1,"featured_media":0,"parent":0,"menu_order":0,"comment_status":"closed","ping_status":"closed","template":"","meta":{"footnotes":""},"class_list":["post-6288","page","type-page","status-publish","hentry"],"yoast_head":"<!-- This site is optimized with the Yoast SEO plugin v27.4 - https:\/\/yoast.com\/product\/yoast-seo-wordpress\/ -->\r\n<title>Contact - Stema Motorger&auml;te<\/title>\r\n<meta name=\"robots\" content=\"index, follow, max-snippet:-1, max-image-preview:large, max-video-preview:-1\" \/>\r\n<link rel=\"canonical\" href=\"https:\/\/www.stema.ch\/fr\/contact\/\" \/>\r\n<meta property=\"og:locale\" content=\"fr_FR\" \/>\r\n<meta property=\"og:type\" content=\"article\" \/>\r\n<meta property=\"og:title\" content=\"Contact - Stema Motorger&auml;te\" \/>\r\n<meta property=\"og:description\" content=\"Contact Avez-vous une question ou souhaitez-vous une consultation sans engagement?Nous sommes l\u00e0 pour vous avec plaisir! En tant que grossiste, nous distribuons nos produits exclusivement via nos revendeurs. Si vous \u00eates un client final int\u00e9ress\u00e9 par l&rsquo;un de nos produits, vous trouverez dans notre liste de revendeurs tous les entreprises qui vendent nos produits aux [&hellip;]\" \/>\r\n<meta property=\"og:url\" content=\"https:\/\/www.stema.ch\/fr\/contact\/\" \/>\r\n<meta property=\"og:site_name\" content=\"Stema Motorger&auml;te\" \/>\r\n<meta property=\"article:modified_time\" content=\"2024-03-16T09:43:12+00:00\" \/>\r\n<meta property=\"og:image\" content=\"https:\/\/www.stema.ch\/wp-content\/uploads\/2024\/03\/Bild-Stema-Kontaktseite.jpg\" \/>\r\n<meta name=\"twitter:card\" content=\"summary_large_image\" \/>\r\n<meta name=\"twitter:label1\" content=\"Dur\u00e9e de lecture estim\u00e9e\" \/>\n\t<meta name=\"twitter:data1\" content=\"1 minute\" \/>\r\n<script type=\"application\/ld+json\" class=\"yoast-schema-graph\">{\"@context\":\"https:\\\/\\\/schema.org\",\"@graph\":[{\"@type\":\"WebPage\",\"@id\":\"https:\\\/\\\/www.stema.ch\\\/fr\\\/contact\\\/\",\"url\":\"https:\\\/\\\/www.stema.ch\\\/fr\\\/contact\\\/\",\"name\":\"Contact - Stema Motorger&auml;te\",\"isPartOf\":{\"@id\":\"https:\\\/\\\/www.stema.ch\\\/fr\\\/#website\"},\"primaryImageOfPage\":{\"@id\":\"https:\\\/\\\/www.stema.ch\\\/fr\\\/contact\\\/#primaryimage\"},\"image\":{\"@id\":\"https:\\\/\\\/www.stema.ch\\\/fr\\\/contact\\\/#primaryimage\"},\"thumbnailUrl\":\"https:\\\/\\\/www.stema.ch\\\/wp-content\\\/uploads\\\/2024\\\/03\\\/Bild-Stema-Kontaktseite.jpg\",\"datePublished\":\"2024-02-21T07:22:28+00:00\",\"dateModified\":\"2024-03-16T09:43:12+00:00\",\"breadcrumb\":{\"@id\":\"https:\\\/\\\/www.stema.ch\\\/fr\\\/contact\\\/#breadcrumb\"},\"inLanguage\":\"fr-FR\",\"potentialAction\":[{\"@type\":\"ReadAction\",\"target\":[\"https:\\\/\\\/www.stema.ch\\\/fr\\\/contact\\\/\"]}]},{\"@type\":\"ImageObject\",\"inLanguage\":\"fr-FR\",\"@id\":\"https:\\\/\\\/www.stema.ch\\\/fr\\\/contact\\\/#primaryimage\",\"url\":\"https:\\\/\\\/www.stema.ch\\\/wp-content\\\/uploads\\\/2024\\\/03\\\/Bild-Stema-Kontaktseite.jpg\",\"contentUrl\":\"https:\\\/\\\/www.stema.ch\\\/wp-content\\\/uploads\\\/2024\\\/03\\\/Bild-Stema-Kontaktseite.jpg\"},{\"@type\":\"BreadcrumbList\",\"@id\":\"https:\\\/\\\/www.stema.ch\\\/fr\\\/contact\\\/#breadcrumb\",\"itemListElement\":[{\"@type\":\"ListItem\",\"position\":1,\"name\":\"Startseite\",\"item\":\"https:\\\/\\\/www.stema.ch\\\/fr\\\/accueil\\\/\"},{\"@type\":\"ListItem\",\"position\":2,\"name\":\"Contact\"}]},{\"@type\":\"WebSite\",\"@id\":\"https:\\\/\\\/www.stema.ch\\\/fr\\\/#website\",\"url\":\"https:\\\/\\\/www.stema.ch\\\/fr\\\/\",\"name\":\"Stema Motorger&auml;te\",\"description\":\"Grossh&auml;ndler f&uuml;r hochstehende Motorger&auml;te\",\"publisher\":{\"@id\":\"https:\\\/\\\/www.stema.ch\\\/fr\\\/#organization\"},\"potentialAction\":[{\"@type\":\"SearchAction\",\"target\":{\"@type\":\"EntryPoint\",\"urlTemplate\":\"https:\\\/\\\/www.stema.ch\\\/fr\\\/?s={search_term_string}\"},\"query-input\":{\"@type\":\"PropertyValueSpecification\",\"valueRequired\":true,\"valueName\":\"search_term_string\"}}],\"inLanguage\":\"fr-FR\"},{\"@type\":\"Organization\",\"@id\":\"https:\\\/\\\/www.stema.ch\\\/fr\\\/#organization\",\"name\":\"Stema Motorger&auml;te\",\"url\":\"https:\\\/\\\/www.stema.ch\\\/fr\\\/\",\"logo\":{\"@type\":\"ImageObject\",\"inLanguage\":\"fr-FR\",\"@id\":\"https:\\\/\\\/www.stema.ch\\\/fr\\\/#\\\/schema\\\/logo\\\/image\\\/\",\"url\":\"https:\\\/\\\/www.stema.ch\\\/wp-content\\\/uploads\\\/2024\\\/01\\\/cropped-logo-klein.jpg\",\"contentUrl\":\"https:\\\/\\\/www.stema.ch\\\/wp-content\\\/uploads\\\/2024\\\/01\\\/cropped-logo-klein.jpg\",\"width\":256,\"height\":86,\"caption\":\"Stema Motorger&auml;te\"},\"image\":{\"@id\":\"https:\\\/\\\/www.stema.ch\\\/fr\\\/#\\\/schema\\\/logo\\\/image\\\/\"}}]}<\/script>\r\n<!-- \/ Yoast SEO plugin. -->","yoast_head_json":{"title":"Contact - Stema Motorger&auml;te","robots":{"index":"index","follow":"follow","max-snippet":"max-snippet:-1","max-image-preview":"max-image-preview:large","max-video-preview":"max-video-preview:-1"},"canonical":"https:\/\/www.stema.ch\/fr\/contact\/","og_locale":"fr_FR","og_type":"article","og_title":"Contact - Stema Motorger&auml;te","og_description":"Contact Avez-vous une question ou souhaitez-vous une consultation sans engagement?Nous sommes l\u00e0 pour vous avec plaisir! En tant que grossiste, nous distribuons nos produits exclusivement via nos revendeurs. Si vous \u00eates un client final int\u00e9ress\u00e9 par l&rsquo;un de nos produits, vous trouverez dans notre liste de revendeurs tous les entreprises qui vendent nos produits aux [&hellip;]","og_url":"https:\/\/www.stema.ch\/fr\/contact\/","og_site_name":"Stema Motorger&auml;te","article_modified_time":"2024-03-16T09:43:12+00:00","og_image":[{"url":"https:\/\/www.stema.ch\/wp-content\/uploads\/2024\/03\/Bild-Stema-Kontaktseite.jpg","type":"","width":"","height":""}],"twitter_card":"summary_large_image","twitter_misc":{"Dur\u00e9e de lecture estim\u00e9e":"1 minute"},"schema":{"@context":"https:\/\/schema.org","@graph":[{"@type":"WebPage","@id":"https:\/\/www.stema.ch\/fr\/contact\/","url":"https:\/\/www.stema.ch\/fr\/contact\/","name":"Contact - Stema Motorger&auml;te","isPartOf":{"@id":"https:\/\/www.stema.ch\/fr\/#website"},"primaryImageOfPage":{"@id":"https:\/\/www.stema.ch\/fr\/contact\/#primaryimage"},"image":{"@id":"https:\/\/www.stema.ch\/fr\/contact\/#primaryimage"},"thumbnailUrl":"https:\/\/www.stema.ch\/wp-content\/uploads\/2024\/03\/Bild-Stema-Kontaktseite.jpg","datePublished":"2024-02-21T07:22:28+00:00","dateModified":"2024-03-16T09:43:12+00:00","breadcrumb":{"@id":"https:\/\/www.stema.ch\/fr\/contact\/#breadcrumb"},"inLanguage":"fr-FR","potentialAction":[{"@type":"ReadAction","target":["https:\/\/www.stema.ch\/fr\/contact\/"]}]},{"@type":"ImageObject","inLanguage":"fr-FR","@id":"https:\/\/www.stema.ch\/fr\/contact\/#primaryimage","url":"https:\/\/www.stema.ch\/wp-content\/uploads\/2024\/03\/Bild-Stema-Kontaktseite.jpg","contentUrl":"https:\/\/www.stema.ch\/wp-content\/uploads\/2024\/03\/Bild-Stema-Kontaktseite.jpg"},{"@type":"BreadcrumbList","@id":"https:\/\/www.stema.ch\/fr\/contact\/#breadcrumb","itemListElement":[{"@type":"ListItem","position":1,"name":"Startseite","item":"https:\/\/www.stema.ch\/fr\/accueil\/"},{"@type":"ListItem","position":2,"name":"Contact"}]},{"@type":"WebSite","@id":"https:\/\/www.stema.ch\/fr\/#website","url":"https:\/\/www.stema.ch\/fr\/","name":"Stema Motorger&auml;te","description":"Grossh&auml;ndler f&uuml;r hochstehende Motorger&auml;te","publisher":{"@id":"https:\/\/www.stema.ch\/fr\/#organization"},"potentialAction":[{"@type":"SearchAction","target":{"@type":"EntryPoint","urlTemplate":"https:\/\/www.stema.ch\/fr\/?s={search_term_string}"},"query-input":{"@type":"PropertyValueSpecification","valueRequired":true,"valueName":"search_term_string"}}],"inLanguage":"fr-FR"},{"@type":"Organization","@id":"https:\/\/www.stema.ch\/fr\/#organization","name":"Stema Motorger&auml;te","url":"https:\/\/www.stema.ch\/fr\/","logo":{"@type":"ImageObject","inLanguage":"fr-FR","@id":"https:\/\/www.stema.ch\/fr\/#\/schema\/logo\/image\/","url":"https:\/\/www.stema.ch\/wp-content\/uploads\/2024\/01\/cropped-logo-klein.jpg","contentUrl":"https:\/\/www.stema.ch\/wp-content\/uploads\/2024\/01\/cropped-logo-klein.jpg","width":256,"height":86,"caption":"Stema Motorger&auml;te"},"image":{"@id":"https:\/\/www.stema.ch\/fr\/#\/schema\/logo\/image\/"}}]}},"_links":{"self":[{"href":"https:\/\/www.stema.ch\/fr\/wp-json\/wp\/v2\/pages\/6288","targetHints":{"allow":["GET"]}}],"collection":[{"href":"https:\/\/www.stema.ch\/fr\/wp-json\/wp\/v2\/pages"}],"about":[{"href":"https:\/\/www.stema.ch\/fr\/wp-json\/wp\/v2\/types\/page"}],"author":[{"embeddable":true,"href":"https:\/\/www.stema.ch\/fr\/wp-json\/wp\/v2\/users\/1"}],"replies":[{"embeddable":true,"href":"https:\/\/www.stema.ch\/fr\/wp-json\/wp\/v2\/comments?post=6288"}],"version-history":[{"count":0,"href":"https:\/\/www.stema.ch\/fr\/wp-json\/wp\/v2\/pages\/6288\/revisions"}],"wp:attachment":[{"href":"https:\/\/www.stema.ch\/fr\/wp-json\/wp\/v2\/media?parent=6288"}],"curies":[{"name":"wp","href":"https:\/\/api.w.org\/{rel}","templated":true}]}}