{"id":6421,"date":"2024-02-20T13:20:09","date_gmt":"2024-02-20T12:20:09","guid":{"rendered":"https:\/\/www.stema.ch\/produits\/equipements-de-deneigement\/m-210\/"},"modified":"2025-09-05T17:48:06","modified_gmt":"2025-09-05T15:48:06","slug":"m-210","status":"publish","type":"page","link":"https:\/\/www.stema.ch\/fr\/produits\/equipements-de-deneigement\/m-210\/","title":{"rendered":"M 210"},"content":{"rendered":"\t\t<div data-elementor-type=\"wp-page\" data-elementor-id=\"6421\" class=\"elementor elementor-6421 elementor-2940\">\n\t\t\t\t\t\t<section class=\"elementor-section elementor-top-section elementor-element elementor-element-2f33ff8 elementor-section-full_width elementor-section-height-default elementor-section-height-default\" data-id=\"2f33ff8\" data-element_type=\"section\" data-e-type=\"section\" data-settings=\"{&quot;background_background&quot;:&quot;classic&quot;}\">\n\t\t\t\t\t\t<div class=\"elementor-container elementor-column-gap-default\">\n\t\t\t\t\t<div class=\"elementor-column elementor-col-100 elementor-top-column elementor-element elementor-element-428869d\" data-id=\"428869d\" data-element_type=\"column\" data-e-type=\"column\">\n\t\t\t<div class=\"elementor-widget-wrap elementor-element-populated\">\n\t\t\t\t\t\t<div class=\"elementor-element elementor-element-f0dd737 elementor-widget elementor-widget-heading\" data-id=\"f0dd737\" data-element_type=\"widget\" data-e-type=\"widget\" data-widget_type=\"heading.default\">\n\t\t\t\t<div class=\"elementor-widget-container\">\n\t\t\t\t\t<h1 class=\"elementor-heading-title elementor-size-default\">\u00c9quipements de d\u00e9neigement - M 210<\/h1>\t\t\t\t<\/div>\n\t\t\t\t<\/div>\n\t\t\t\t\t<\/div>\n\t\t<\/div>\n\t\t\t\t\t<\/div>\n\t\t<\/section>\n\t\t\t\t<section class=\"elementor-section elementor-top-section elementor-element elementor-element-41c4fd1 elementor-section-full_width elementor-section-height-default elementor-section-height-default\" data-id=\"41c4fd1\" data-element_type=\"section\" data-e-type=\"section\" data-settings=\"{&quot;background_background&quot;:&quot;classic&quot;}\">\n\t\t\t\t\t\t<div class=\"elementor-container elementor-column-gap-default\">\n\t\t\t\t\t<div class=\"elementor-column elementor-col-100 elementor-top-column elementor-element elementor-element-e376e2f\" data-id=\"e376e2f\" data-element_type=\"column\" data-e-type=\"column\">\n\t\t\t<div class=\"elementor-widget-wrap elementor-element-populated\">\n\t\t\t\t\t\t<section class=\"elementor-section elementor-inner-section elementor-element elementor-element-75655f1 elementor-section-boxed elementor-section-height-default elementor-section-height-default\" data-id=\"75655f1\" data-element_type=\"section\" data-e-type=\"section\">\n\t\t\t\t\t\t<div class=\"elementor-container elementor-column-gap-wider\">\n\t\t\t\t\t<div class=\"elementor-column elementor-col-100 elementor-inner-column elementor-element elementor-element-82fca82\" data-id=\"82fca82\" data-element_type=\"column\" data-e-type=\"column\">\n\t\t\t<div class=\"elementor-widget-wrap elementor-element-populated\">\n\t\t\t\t\t\t<div class=\"elementor-element elementor-element-5078ebe elementor-widget elementor-widget-text-editor\" data-id=\"5078ebe\" data-element_type=\"widget\" data-e-type=\"widget\" data-widget_type=\"text-editor.default\">\n\t\t\t\t<div class=\"elementor-widget-container\">\n\t\t\t\t\t\t\t\t\t<a href=\"https:\/\/www.stema.ch\/fr\/produits\/\">Produits<\/a> &gt; <a href=\"https:\/\/www.stema.ch\/fr\/produits\/equipements-de-deneigement\/\">\u00c9quipements de d\u00e9neigement<\/a> &gt; M 210\t\t\t\t\t\t\t\t<\/div>\n\t\t\t\t<\/div>\n\t\t\t\t\t<\/div>\n\t\t<\/div>\n\t\t\t\t\t<\/div>\n\t\t<\/section>\n\t\t\t\t<section class=\"elementor-section elementor-inner-section elementor-element elementor-element-8624cae elementor-section-content-middle elementor-section-boxed elementor-section-height-default elementor-section-height-default\" data-id=\"8624cae\" data-element_type=\"section\" data-e-type=\"section\">\n\t\t\t\t\t\t<div class=\"elementor-container elementor-column-gap-wider\">\n\t\t\t\t\t<div class=\"elementor-column elementor-col-50 elementor-inner-column elementor-element elementor-element-ea0529d\" data-id=\"ea0529d\" data-element_type=\"column\" data-e-type=\"column\">\n\t\t\t<div class=\"elementor-widget-wrap elementor-element-populated\">\n\t\t\t\t\t\t<div class=\"elementor-element elementor-element-603bac1 elementor-widget elementor-widget-image\" data-id=\"603bac1\" data-element_type=\"widget\" data-e-type=\"widget\" data-widget_type=\"image.default\">\n\t\t\t\t<div class=\"elementor-widget-container\">\n\t\t\t\t\t\t\t\t\t\t\t\t\t\t\t<img fetchpriority=\"high\" decoding=\"async\" width=\"800\" height=\"800\" src=\"https:\/\/www.stema.ch\/wp-content\/uploads\/2024\/02\/Winterdienstgeraete-M-210-Hauptbild-transparent-1-1024x1024.png\" class=\"attachment-large size-large wp-image-5298\" alt=\"\" srcset=\"https:\/\/www.stema.ch\/wp-content\/uploads\/2024\/02\/Winterdienstgeraete-M-210-Hauptbild-transparent-1-1024x1024.png 1024w, https:\/\/www.stema.ch\/wp-content\/uploads\/2024\/02\/Winterdienstgeraete-M-210-Hauptbild-transparent-1-300x300.png 300w, https:\/\/www.stema.ch\/wp-content\/uploads\/2024\/02\/Winterdienstgeraete-M-210-Hauptbild-transparent-1-150x150.png 150w, https:\/\/www.stema.ch\/wp-content\/uploads\/2024\/02\/Winterdienstgeraete-M-210-Hauptbild-transparent-1-768x768.png 768w, https:\/\/www.stema.ch\/wp-content\/uploads\/2024\/02\/Winterdienstgeraete-M-210-Hauptbild-transparent-1.png 1080w\" sizes=\"(max-width: 800px) 100vw, 800px\" \/>\t\t\t\t\t\t\t\t\t\t\t\t\t\t\t<\/div>\n\t\t\t\t<\/div>\n\t\t\t\t\t<\/div>\n\t\t<\/div>\n\t\t\t\t<div class=\"elementor-column elementor-col-50 elementor-inner-column elementor-element elementor-element-bad6c66\" data-id=\"bad6c66\" data-element_type=\"column\" data-e-type=\"column\">\n\t\t\t<div class=\"elementor-widget-wrap elementor-element-populated\">\n\t\t\t\t\t\t<div class=\"elementor-element elementor-element-c659283 elementor-widget elementor-widget-text-editor\" data-id=\"c659283\" data-element_type=\"widget\" data-e-type=\"widget\" data-widget_type=\"text-editor.default\">\n\t\t\t\t<div class=\"elementor-widget-container\">\n\t\t\t\t\t\t\t\t\t<p>Petit appareil de d\u00e9neigement \u00e0 prix int\u00e9ressant pour les utilisateurs priv\u00e9s.<\/p><p>Tous les chasse-neige sont inclinables \u00e0 gauche et \u00e0 droite \u00e0 l&rsquo;aide du mancheron.<\/p>\t\t\t\t\t\t\t\t<\/div>\n\t\t\t\t<\/div>\n\t\t\t\t<div class=\"elementor-element elementor-element-effad72 elementor-widget elementor-widget-text-editor\" data-id=\"effad72\" data-element_type=\"widget\" data-e-type=\"widget\" data-widget_type=\"text-editor.default\">\n\t\t\t\t<div class=\"elementor-widget-container\">\n\t\t\t\t\t\t\t\t\t<p>Total: Fr. 1&rsquo;590.-<\/p>\t\t\t\t\t\t\t\t<\/div>\n\t\t\t\t<\/div>\n\t\t\t\t<div class=\"elementor-element elementor-element-1861646 elementor-align-left elementor-tablet-align-left elementor-widget elementor-widget-button\" data-id=\"1861646\" data-element_type=\"widget\" data-e-type=\"widget\" data-widget_type=\"button.default\">\n\t\t\t\t<div class=\"elementor-widget-container\">\n\t\t\t\t\t\t\t\t\t<div class=\"elementor-button-wrapper\">\n\t\t\t\t\t<a class=\"elementor-button elementor-button-link elementor-size-sm\" href=\"https:\/\/www.stema.ch\/fr\/contact\/\">\n\t\t\t\t\t\t<span class=\"elementor-button-content-wrapper\">\n\t\t\t\t\t\t\t\t\t<span class=\"elementor-button-text\">Demander maintenant<\/span>\n\t\t\t\t\t<\/span>\n\t\t\t\t\t<\/a>\n\t\t\t\t<\/div>\n\t\t\t\t\t\t\t\t<\/div>\n\t\t\t\t<\/div>\n\t\t\t\t\t<\/div>\n\t\t<\/div>\n\t\t\t\t\t<\/div>\n\t\t<\/section>\n\t\t\t\t<section class=\"elementor-section elementor-inner-section elementor-element elementor-element-e1448e8 elementor-section-boxed elementor-section-height-default elementor-section-height-default\" data-id=\"e1448e8\" data-element_type=\"section\" data-e-type=\"section\">\n\t\t\t\t\t\t<div class=\"elementor-container elementor-column-gap-wider\">\n\t\t\t\t\t<div class=\"elementor-column elementor-col-100 elementor-inner-column elementor-element elementor-element-acba2c6\" data-id=\"acba2c6\" data-element_type=\"column\" data-e-type=\"column\">\n\t\t\t<div class=\"elementor-widget-wrap elementor-element-populated\">\n\t\t\t\t\t\t<div class=\"elementor-element elementor-element-a18afcc elementor-widget elementor-widget-heading\" data-id=\"a18afcc\" data-element_type=\"widget\" data-e-type=\"widget\" data-widget_type=\"heading.default\">\n\t\t\t\t<div class=\"elementor-widget-container\">\n\t\t\t\t\t<h2 class=\"elementor-heading-title elementor-size-default\">Donn\u00e9es techniques<\/h2>\t\t\t\t<\/div>\n\t\t\t\t<\/div>\n\t\t\t\t<div class=\"elementor-element elementor-element-3caffcb elementor-widget elementor-widget-text-editor\" data-id=\"3caffcb\" data-element_type=\"widget\" data-e-type=\"widget\" data-widget_type=\"text-editor.default\">\n\t\t\t\t<div class=\"elementor-widget-container\">\n\t\t\t\t\t\t\t\t\t<p><strong>Moteur:<\/strong> B&amp;S 625 &#8211; 5 cv<br><strong>Vitesse:<\/strong> 1 marche avant 2.5 km\/h<br><strong>Transmission:<\/strong> courroie, bain d\u2019huile<br><strong>Roues:<\/strong> 13&#215;5.00-6<br><strong>Poids:<\/strong> environ 63 kg<br><strong>Dimensions:<\/strong> L 142, B 50, H 97 cm<br><strong>Chasse-neige:<\/strong> 85 cm<\/p>\t\t\t\t\t\t\t\t<\/div>\n\t\t\t\t<\/div>\n\t\t\t\t\t<\/div>\n\t\t<\/div>\n\t\t\t\t\t<\/div>\n\t\t<\/section>\n\t\t\t\t<section class=\"elementor-section elementor-inner-section elementor-element elementor-element-0ec4144 elementor-section-full_width zusatzbilder elementor-section-height-default elementor-section-height-default\" data-id=\"0ec4144\" data-element_type=\"section\" data-e-type=\"section\">\n\t\t\t\t\t\t<div class=\"elementor-container elementor-column-gap-wide\">\n\t\t\t\t\t<div class=\"elementor-column elementor-col-25 elementor-inner-column elementor-element elementor-element-40f0a35\" data-id=\"40f0a35\" data-element_type=\"column\" data-e-type=\"column\">\n\t\t\t<div class=\"elementor-widget-wrap elementor-element-populated\">\n\t\t\t\t\t\t<div class=\"elementor-element elementor-element-82da4af elementor-widget elementor-widget-image\" data-id=\"82da4af\" data-element_type=\"widget\" data-e-type=\"widget\" data-widget_type=\"image.default\">\n\t\t\t\t<div class=\"elementor-widget-container\">\n\t\t\t\t\t\t\t\t\t\t\t\t\t\t\t<img decoding=\"async\" width=\"600\" height=\"483\" src=\"https:\/\/www.stema.ch\/wp-content\/uploads\/2024\/02\/Kehrmaschine-105-cm.jpg\" class=\"attachment-large size-large wp-image-5337\" alt=\"\" srcset=\"https:\/\/www.stema.ch\/wp-content\/uploads\/2024\/02\/Kehrmaschine-105-cm.jpg 600w, https:\/\/www.stema.ch\/wp-content\/uploads\/2024\/02\/Kehrmaschine-105-cm-300x242.jpg 300w\" sizes=\"(max-width: 600px) 100vw, 600px\" \/>\t\t\t\t\t\t\t\t\t\t\t\t\t\t\t<\/div>\n\t\t\t\t<\/div>\n\t\t\t\t<div class=\"elementor-element elementor-element-4055870 elementor-widget elementor-widget-text-editor\" data-id=\"4055870\" data-element_type=\"widget\" data-e-type=\"widget\" data-widget_type=\"text-editor.default\">\n\t\t\t\t<div class=\"elementor-widget-container\">\n\t\t\t\t\t\t\t\t\t<p>Balayeuse 105 cm<br><span style=\"color: #008000;\"><strong>Fr. 950.-<\/strong><\/span><\/p>\t\t\t\t\t\t\t\t<\/div>\n\t\t\t\t<\/div>\n\t\t\t\t\t<\/div>\n\t\t<\/div>\n\t\t\t\t<div class=\"elementor-column elementor-col-25 elementor-inner-column elementor-element elementor-element-6aa32e0\" data-id=\"6aa32e0\" data-element_type=\"column\" data-e-type=\"column\">\n\t\t\t<div class=\"elementor-widget-wrap\">\n\t\t\t\t\t\t\t<\/div>\n\t\t<\/div>\n\t\t\t\t<div class=\"elementor-column elementor-col-25 elementor-inner-column elementor-element elementor-element-011a8b3\" data-id=\"011a8b3\" data-element_type=\"column\" data-e-type=\"column\">\n\t\t\t<div class=\"elementor-widget-wrap\">\n\t\t\t\t\t\t\t<\/div>\n\t\t<\/div>\n\t\t\t\t<div class=\"elementor-column elementor-col-25 elementor-inner-column elementor-element elementor-element-309eb38\" data-id=\"309eb38\" data-element_type=\"column\" data-e-type=\"column\">\n\t\t\t<div class=\"elementor-widget-wrap\">\n\t\t\t\t\t\t\t<\/div>\n\t\t<\/div>\n\t\t\t\t\t<\/div>\n\t\t<\/section>\n\t\t\t\t<section class=\"elementor-section elementor-inner-section elementor-element elementor-element-db2b3dd elementor-section-full_width elementor-section-height-default elementor-section-height-default\" data-id=\"db2b3dd\" data-element_type=\"section\" data-e-type=\"section\">\n\t\t\t\t\t\t<div class=\"elementor-container elementor-column-gap-wider\">\n\t\t\t\t\t<div class=\"elementor-column elementor-col-100 elementor-inner-column elementor-element elementor-element-dbb484c\" data-id=\"dbb484c\" data-element_type=\"column\" data-e-type=\"column\">\n\t\t\t<div class=\"elementor-widget-wrap elementor-element-populated\">\n\t\t\t\t\t\t<div class=\"elementor-element elementor-element-cb003a8 elementor-align-center elementor-widget elementor-widget-button\" data-id=\"cb003a8\" data-element_type=\"widget\" data-e-type=\"widget\" data-widget_type=\"button.default\">\n\t\t\t\t<div class=\"elementor-widget-container\">\n\t\t\t\t\t\t\t\t\t<div class=\"elementor-button-wrapper\">\n\t\t\t\t\t<a class=\"elementor-button elementor-button-link elementor-size-sm\" href=\"https:\/\/www.stema.ch\/fr\/produits\/equipements-de-deneigement\/\">\n\t\t\t\t\t\t<span class=\"elementor-button-content-wrapper\">\n\t\t\t\t\t\t\t\t\t<span class=\"elementor-button-text\">Retour \u00e0 l'aper\u00e7u<\/span>\n\t\t\t\t\t<\/span>\n\t\t\t\t\t<\/a>\n\t\t\t\t<\/div>\n\t\t\t\t\t\t\t\t<\/div>\n\t\t\t\t<\/div>\n\t\t\t\t\t<\/div>\n\t\t<\/div>\n\t\t\t\t\t<\/div>\n\t\t<\/section>\n\t\t\t\t\t<\/div>\n\t\t<\/div>\n\t\t\t\t\t<\/div>\n\t\t<\/section>\n\t\t\t\t<\/div>\n\t\t","protected":false},"excerpt":{"rendered":"<p>\u00c9quipements de d\u00e9neigement &#8211; M 210 Produits &gt; \u00c9quipements de d\u00e9neigement &gt; M 210 Petit appareil de d\u00e9neigement \u00e0 prix int\u00e9ressant pour les utilisateurs priv\u00e9s. Tous les chasse-neige sont inclinables \u00e0 gauche et \u00e0 droite \u00e0 l&rsquo;aide du mancheron. Total: Fr. 1&rsquo;590.- Demander maintenant Donn\u00e9es techniques Moteur: B&amp;S 625 &#8211; 5 cvVitesse: 1 marche avant [&hellip;]<\/p>\n","protected":false},"author":1,"featured_media":0,"parent":6404,"menu_order":0,"comment_status":"closed","ping_status":"closed","template":"","meta":{"footnotes":""},"class_list":["post-6421","page","type-page","status-publish","hentry"],"yoast_head":"<!-- This site is optimized with the Yoast SEO plugin v27.3 - https:\/\/yoast.com\/product\/yoast-seo-wordpress\/ -->\r\n<title>M 210 - Stema Motorger&auml;te<\/title>\r\n<meta name=\"robots\" content=\"index, follow, max-snippet:-1, max-image-preview:large, max-video-preview:-1\" \/>\r\n<link rel=\"canonical\" href=\"https:\/\/www.stema.ch\/fr\/produits\/equipements-de-deneigement\/m-210\/\" \/>\r\n<meta property=\"og:locale\" content=\"fr_FR\" \/>\r\n<meta property=\"og:type\" content=\"article\" \/>\r\n<meta property=\"og:title\" content=\"M 210 - Stema Motorger&auml;te\" \/>\r\n<meta property=\"og:description\" content=\"\u00c9quipements de d\u00e9neigement &#8211; M 210 Produits &gt; \u00c9quipements de d\u00e9neigement &gt; M 210 Petit appareil de d\u00e9neigement \u00e0 prix int\u00e9ressant pour les utilisateurs priv\u00e9s. Tous les chasse-neige sont inclinables \u00e0 gauche et \u00e0 droite \u00e0 l&rsquo;aide du mancheron. Total: Fr. 1&rsquo;590.- Demander maintenant Donn\u00e9es techniques Moteur: B&amp;S 625 &#8211; 5 cvVitesse: 1 marche avant [&hellip;]\" \/>\r\n<meta property=\"og:url\" content=\"https:\/\/www.stema.ch\/fr\/produits\/equipements-de-deneigement\/m-210\/\" \/>\r\n<meta property=\"og:site_name\" content=\"Stema Motorger&auml;te\" \/>\r\n<meta property=\"article:modified_time\" content=\"2025-09-05T15:48:06+00:00\" \/>\r\n<meta property=\"og:image\" content=\"https:\/\/www.stema.ch\/wp-content\/uploads\/2024\/02\/Winterdienstgeraete-M-210-Hauptbild-transparent-1.png\" \/>\r\n\t<meta property=\"og:image:width\" content=\"1080\" \/>\r\n\t<meta property=\"og:image:height\" content=\"1080\" \/>\r\n\t<meta property=\"og:image:type\" content=\"image\/png\" \/>\r\n<meta name=\"twitter:card\" content=\"summary_large_image\" \/>\r\n<meta name=\"twitter:label1\" content=\"Dur\u00e9e de lecture estim\u00e9e\" \/>\n\t<meta name=\"twitter:data1\" content=\"1 minute\" \/>\r\n<script type=\"application\/ld+json\" class=\"yoast-schema-graph\">{\"@context\":\"https:\\\/\\\/schema.org\",\"@graph\":[{\"@type\":\"WebPage\",\"@id\":\"https:\\\/\\\/www.stema.ch\\\/fr\\\/produits\\\/equipements-de-deneigement\\\/m-210\\\/\",\"url\":\"https:\\\/\\\/www.stema.ch\\\/fr\\\/produits\\\/equipements-de-deneigement\\\/m-210\\\/\",\"name\":\"M 210 - Stema Motorger&auml;te\",\"isPartOf\":{\"@id\":\"https:\\\/\\\/www.stema.ch\\\/fr\\\/#website\"},\"primaryImageOfPage\":{\"@id\":\"https:\\\/\\\/www.stema.ch\\\/fr\\\/produits\\\/equipements-de-deneigement\\\/m-210\\\/#primaryimage\"},\"image\":{\"@id\":\"https:\\\/\\\/www.stema.ch\\\/fr\\\/produits\\\/equipements-de-deneigement\\\/m-210\\\/#primaryimage\"},\"thumbnailUrl\":\"https:\\\/\\\/www.stema.ch\\\/wp-content\\\/uploads\\\/2024\\\/02\\\/Winterdienstgeraete-M-210-Hauptbild-transparent-1-1024x1024.png\",\"datePublished\":\"2024-02-20T12:20:09+00:00\",\"dateModified\":\"2025-09-05T15:48:06+00:00\",\"breadcrumb\":{\"@id\":\"https:\\\/\\\/www.stema.ch\\\/fr\\\/produits\\\/equipements-de-deneigement\\\/m-210\\\/#breadcrumb\"},\"inLanguage\":\"fr-FR\",\"potentialAction\":[{\"@type\":\"ReadAction\",\"target\":[\"https:\\\/\\\/www.stema.ch\\\/fr\\\/produits\\\/equipements-de-deneigement\\\/m-210\\\/\"]}]},{\"@type\":\"ImageObject\",\"inLanguage\":\"fr-FR\",\"@id\":\"https:\\\/\\\/www.stema.ch\\\/fr\\\/produits\\\/equipements-de-deneigement\\\/m-210\\\/#primaryimage\",\"url\":\"https:\\\/\\\/www.stema.ch\\\/wp-content\\\/uploads\\\/2024\\\/02\\\/Winterdienstgeraete-M-210-Hauptbild-transparent-1-1024x1024.png\",\"contentUrl\":\"https:\\\/\\\/www.stema.ch\\\/wp-content\\\/uploads\\\/2024\\\/02\\\/Winterdienstgeraete-M-210-Hauptbild-transparent-1-1024x1024.png\"},{\"@type\":\"BreadcrumbList\",\"@id\":\"https:\\\/\\\/www.stema.ch\\\/fr\\\/produits\\\/equipements-de-deneigement\\\/m-210\\\/#breadcrumb\",\"itemListElement\":[{\"@type\":\"ListItem\",\"position\":1,\"name\":\"Startseite\",\"item\":\"https:\\\/\\\/www.stema.ch\\\/fr\\\/accueil\\\/\"},{\"@type\":\"ListItem\",\"position\":2,\"name\":\"Produits\",\"item\":\"https:\\\/\\\/www.stema.ch\\\/fr\\\/produits\\\/\"},{\"@type\":\"ListItem\",\"position\":3,\"name\":\"\u00c9quipements de d\u00e9neigement\",\"item\":\"https:\\\/\\\/www.stema.ch\\\/fr\\\/produits\\\/equipements-de-deneigement\\\/\"},{\"@type\":\"ListItem\",\"position\":4,\"name\":\"M 210\"}]},{\"@type\":\"WebSite\",\"@id\":\"https:\\\/\\\/www.stema.ch\\\/fr\\\/#website\",\"url\":\"https:\\\/\\\/www.stema.ch\\\/fr\\\/\",\"name\":\"Stema Motorger&auml;te\",\"description\":\"Grossh&auml;ndler f&uuml;r hochstehende Motorger&auml;te\",\"publisher\":{\"@id\":\"https:\\\/\\\/www.stema.ch\\\/fr\\\/#organization\"},\"potentialAction\":[{\"@type\":\"SearchAction\",\"target\":{\"@type\":\"EntryPoint\",\"urlTemplate\":\"https:\\\/\\\/www.stema.ch\\\/fr\\\/?s={search_term_string}\"},\"query-input\":{\"@type\":\"PropertyValueSpecification\",\"valueRequired\":true,\"valueName\":\"search_term_string\"}}],\"inLanguage\":\"fr-FR\"},{\"@type\":\"Organization\",\"@id\":\"https:\\\/\\\/www.stema.ch\\\/fr\\\/#organization\",\"name\":\"Stema Motorger&auml;te\",\"url\":\"https:\\\/\\\/www.stema.ch\\\/fr\\\/\",\"logo\":{\"@type\":\"ImageObject\",\"inLanguage\":\"fr-FR\",\"@id\":\"https:\\\/\\\/www.stema.ch\\\/fr\\\/#\\\/schema\\\/logo\\\/image\\\/\",\"url\":\"https:\\\/\\\/www.stema.ch\\\/wp-content\\\/uploads\\\/2024\\\/01\\\/cropped-logo-klein.jpg\",\"contentUrl\":\"https:\\\/\\\/www.stema.ch\\\/wp-content\\\/uploads\\\/2024\\\/01\\\/cropped-logo-klein.jpg\",\"width\":256,\"height\":86,\"caption\":\"Stema Motorger&auml;te\"},\"image\":{\"@id\":\"https:\\\/\\\/www.stema.ch\\\/fr\\\/#\\\/schema\\\/logo\\\/image\\\/\"}}]}<\/script>\r\n<!-- \/ Yoast SEO plugin. -->","yoast_head_json":{"title":"M 210 - Stema Motorger&auml;te","robots":{"index":"index","follow":"follow","max-snippet":"max-snippet:-1","max-image-preview":"max-image-preview:large","max-video-preview":"max-video-preview:-1"},"canonical":"https:\/\/www.stema.ch\/fr\/produits\/equipements-de-deneigement\/m-210\/","og_locale":"fr_FR","og_type":"article","og_title":"M 210 - Stema Motorger&auml;te","og_description":"\u00c9quipements de d\u00e9neigement &#8211; M 210 Produits &gt; \u00c9quipements de d\u00e9neigement &gt; M 210 Petit appareil de d\u00e9neigement \u00e0 prix int\u00e9ressant pour les utilisateurs priv\u00e9s. Tous les chasse-neige sont inclinables \u00e0 gauche et \u00e0 droite \u00e0 l&rsquo;aide du mancheron. Total: Fr. 1&rsquo;590.- Demander maintenant Donn\u00e9es techniques Moteur: B&amp;S 625 &#8211; 5 cvVitesse: 1 marche avant [&hellip;]","og_url":"https:\/\/www.stema.ch\/fr\/produits\/equipements-de-deneigement\/m-210\/","og_site_name":"Stema Motorger&auml;te","article_modified_time":"2025-09-05T15:48:06+00:00","og_image":[{"width":1080,"height":1080,"url":"https:\/\/www.stema.ch\/wp-content\/uploads\/2024\/02\/Winterdienstgeraete-M-210-Hauptbild-transparent-1.png","type":"image\/png"}],"twitter_card":"summary_large_image","twitter_misc":{"Dur\u00e9e de lecture estim\u00e9e":"1 minute"},"schema":{"@context":"https:\/\/schema.org","@graph":[{"@type":"WebPage","@id":"https:\/\/www.stema.ch\/fr\/produits\/equipements-de-deneigement\/m-210\/","url":"https:\/\/www.stema.ch\/fr\/produits\/equipements-de-deneigement\/m-210\/","name":"M 210 - Stema Motorger&auml;te","isPartOf":{"@id":"https:\/\/www.stema.ch\/fr\/#website"},"primaryImageOfPage":{"@id":"https:\/\/www.stema.ch\/fr\/produits\/equipements-de-deneigement\/m-210\/#primaryimage"},"image":{"@id":"https:\/\/www.stema.ch\/fr\/produits\/equipements-de-deneigement\/m-210\/#primaryimage"},"thumbnailUrl":"https:\/\/www.stema.ch\/wp-content\/uploads\/2024\/02\/Winterdienstgeraete-M-210-Hauptbild-transparent-1-1024x1024.png","datePublished":"2024-02-20T12:20:09+00:00","dateModified":"2025-09-05T15:48:06+00:00","breadcrumb":{"@id":"https:\/\/www.stema.ch\/fr\/produits\/equipements-de-deneigement\/m-210\/#breadcrumb"},"inLanguage":"fr-FR","potentialAction":[{"@type":"ReadAction","target":["https:\/\/www.stema.ch\/fr\/produits\/equipements-de-deneigement\/m-210\/"]}]},{"@type":"ImageObject","inLanguage":"fr-FR","@id":"https:\/\/www.stema.ch\/fr\/produits\/equipements-de-deneigement\/m-210\/#primaryimage","url":"https:\/\/www.stema.ch\/wp-content\/uploads\/2024\/02\/Winterdienstgeraete-M-210-Hauptbild-transparent-1-1024x1024.png","contentUrl":"https:\/\/www.stema.ch\/wp-content\/uploads\/2024\/02\/Winterdienstgeraete-M-210-Hauptbild-transparent-1-1024x1024.png"},{"@type":"BreadcrumbList","@id":"https:\/\/www.stema.ch\/fr\/produits\/equipements-de-deneigement\/m-210\/#breadcrumb","itemListElement":[{"@type":"ListItem","position":1,"name":"Startseite","item":"https:\/\/www.stema.ch\/fr\/accueil\/"},{"@type":"ListItem","position":2,"name":"Produits","item":"https:\/\/www.stema.ch\/fr\/produits\/"},{"@type":"ListItem","position":3,"name":"\u00c9quipements de d\u00e9neigement","item":"https:\/\/www.stema.ch\/fr\/produits\/equipements-de-deneigement\/"},{"@type":"ListItem","position":4,"name":"M 210"}]},{"@type":"WebSite","@id":"https:\/\/www.stema.ch\/fr\/#website","url":"https:\/\/www.stema.ch\/fr\/","name":"Stema Motorger&auml;te","description":"Grossh&auml;ndler f&uuml;r hochstehende Motorger&auml;te","publisher":{"@id":"https:\/\/www.stema.ch\/fr\/#organization"},"potentialAction":[{"@type":"SearchAction","target":{"@type":"EntryPoint","urlTemplate":"https:\/\/www.stema.ch\/fr\/?s={search_term_string}"},"query-input":{"@type":"PropertyValueSpecification","valueRequired":true,"valueName":"search_term_string"}}],"inLanguage":"fr-FR"},{"@type":"Organization","@id":"https:\/\/www.stema.ch\/fr\/#organization","name":"Stema Motorger&auml;te","url":"https:\/\/www.stema.ch\/fr\/","logo":{"@type":"ImageObject","inLanguage":"fr-FR","@id":"https:\/\/www.stema.ch\/fr\/#\/schema\/logo\/image\/","url":"https:\/\/www.stema.ch\/wp-content\/uploads\/2024\/01\/cropped-logo-klein.jpg","contentUrl":"https:\/\/www.stema.ch\/wp-content\/uploads\/2024\/01\/cropped-logo-klein.jpg","width":256,"height":86,"caption":"Stema Motorger&auml;te"},"image":{"@id":"https:\/\/www.stema.ch\/fr\/#\/schema\/logo\/image\/"}}]}},"_links":{"self":[{"href":"https:\/\/www.stema.ch\/fr\/wp-json\/wp\/v2\/pages\/6421","targetHints":{"allow":["GET"]}}],"collection":[{"href":"https:\/\/www.stema.ch\/fr\/wp-json\/wp\/v2\/pages"}],"about":[{"href":"https:\/\/www.stema.ch\/fr\/wp-json\/wp\/v2\/types\/page"}],"author":[{"embeddable":true,"href":"https:\/\/www.stema.ch\/fr\/wp-json\/wp\/v2\/users\/1"}],"replies":[{"embeddable":true,"href":"https:\/\/www.stema.ch\/fr\/wp-json\/wp\/v2\/comments?post=6421"}],"version-history":[{"count":2,"href":"https:\/\/www.stema.ch\/fr\/wp-json\/wp\/v2\/pages\/6421\/revisions"}],"predecessor-version":[{"id":9231,"href":"https:\/\/www.stema.ch\/fr\/wp-json\/wp\/v2\/pages\/6421\/revisions\/9231"}],"up":[{"embeddable":true,"href":"https:\/\/www.stema.ch\/fr\/wp-json\/wp\/v2\/pages\/6404"}],"wp:attachment":[{"href":"https:\/\/www.stema.ch\/fr\/wp-json\/wp\/v2\/media?parent=6421"}],"curies":[{"name":"wp","href":"https:\/\/api.w.org\/{rel}","templated":true}]}}