{"id":7996,"date":"2024-03-07T11:26:19","date_gmt":"2024-03-07T10:26:19","guid":{"rendered":"https:\/\/www.stema.ch\/mentions-legales\/"},"modified":"2024-03-28T12:05:26","modified_gmt":"2024-03-28T11:05:26","slug":"mentions-legales","status":"publish","type":"page","link":"https:\/\/www.stema.ch\/fr\/mentions-legales\/","title":{"rendered":"Mentions l\u00e9gales"},"content":{"rendered":"\t\t<div data-elementor-type=\"wp-page\" data-elementor-id=\"7996\" class=\"elementor elementor-7996 elementor-3918\">\n\t\t\t\t\t\t<section class=\"elementor-section elementor-top-section elementor-element elementor-element-2f33ff8 elementor-section-full_width elementor-section-height-default elementor-section-height-default\" data-id=\"2f33ff8\" data-element_type=\"section\" data-e-type=\"section\" data-settings=\"{&quot;background_background&quot;:&quot;classic&quot;}\">\n\t\t\t\t\t\t<div class=\"elementor-container elementor-column-gap-default\">\n\t\t\t\t\t<div class=\"elementor-column elementor-col-100 elementor-top-column elementor-element elementor-element-428869d\" data-id=\"428869d\" data-element_type=\"column\" data-e-type=\"column\">\n\t\t\t<div class=\"elementor-widget-wrap elementor-element-populated\">\n\t\t\t\t\t\t<div class=\"elementor-element elementor-element-f0dd737 elementor-widget elementor-widget-heading\" data-id=\"f0dd737\" data-element_type=\"widget\" data-e-type=\"widget\" data-widget_type=\"heading.default\">\n\t\t\t\t<div class=\"elementor-widget-container\">\n\t\t\t\t\t<h1 class=\"elementor-heading-title elementor-size-default\">Mentions l\u00e9gales<\/h1>\t\t\t\t<\/div>\n\t\t\t\t<\/div>\n\t\t\t\t\t<\/div>\n\t\t<\/div>\n\t\t\t\t\t<\/div>\n\t\t<\/section>\n\t\t\t\t<section class=\"elementor-section elementor-top-section elementor-element elementor-element-32e8577 elementor-section-full_width elementor-section-height-default elementor-section-height-default\" data-id=\"32e8577\" data-element_type=\"section\" data-e-type=\"section\" data-settings=\"{&quot;background_background&quot;:&quot;classic&quot;}\">\n\t\t\t\t\t\t<div class=\"elementor-container elementor-column-gap-default\">\n\t\t\t\t\t<div class=\"elementor-column elementor-col-100 elementor-top-column elementor-element elementor-element-baa307d\" data-id=\"baa307d\" data-element_type=\"column\" data-e-type=\"column\">\n\t\t\t<div class=\"elementor-widget-wrap elementor-element-populated\">\n\t\t\t\t\t\t<section class=\"elementor-section elementor-inner-section elementor-element elementor-element-a0adad6 elementor-section-full_width uebersichtbilder elementor-section-height-default elementor-section-height-default\" data-id=\"a0adad6\" data-element_type=\"section\" data-e-type=\"section\">\n\t\t\t\t\t\t<div class=\"elementor-container elementor-column-gap-wider\">\n\t\t\t\t\t<div class=\"elementor-column elementor-col-100 elementor-inner-column elementor-element elementor-element-a6a19fa\" data-id=\"a6a19fa\" data-element_type=\"column\" data-e-type=\"column\">\n\t\t\t<div class=\"elementor-widget-wrap elementor-element-populated\">\n\t\t\t\t\t\t<div class=\"elementor-element elementor-element-c2e792a elementor-widget elementor-widget-text-editor\" data-id=\"c2e792a\" data-element_type=\"widget\" data-e-type=\"widget\" data-widget_type=\"text-editor.default\">\n\t\t\t\t<div class=\"elementor-widget-container\">\n\t\t\t\t\t\t\t\t\t<p>Adresse de contact<\/p>\n\t\t\t\t\t\t\t\t<\/div>\n\t\t\t\t<\/div>\n\t\t\t\t<div class=\"elementor-element elementor-element-92b9fd6 elementor-widget elementor-widget-text-editor\" data-id=\"92b9fd6\" data-element_type=\"widget\" data-e-type=\"widget\" data-widget_type=\"text-editor.default\">\n\t\t\t\t<div class=\"elementor-widget-container\">\n\t\t\t\t\t\t\t\t\t<p>stema MOTORGER\u00c4TE<br \/>Stephan Bodenmann<br \/>Voreichstrasse 2<br \/>4417 Ziefen<br \/>Suisse<\/p>\n<p>Tel: 061 933 93 93<br \/>E-Mail: info@stema.ch<\/p>\n\t\t\t\t\t\t\t\t<\/div>\n\t\t\t\t<\/div>\n\t\t\t\t<div class=\"elementor-element elementor-element-74199e6 elementor-widget elementor-widget-text-editor\" data-id=\"74199e6\" data-element_type=\"widget\" data-e-type=\"widget\" data-widget_type=\"text-editor.default\">\n\t\t\t\t<div class=\"elementor-widget-container\">\n\t\t\t\t\t\t\t\t\t<p>Personne(s) habilit\u00e9e(s) \u00e0 repr\u00e9senter l&rsquo;association<\/p>\n\t\t\t\t\t\t\t\t<\/div>\n\t\t\t\t<\/div>\n\t\t\t\t<div class=\"elementor-element elementor-element-05de3c0 elementor-widget elementor-widget-text-editor\" data-id=\"05de3c0\" data-element_type=\"widget\" data-e-type=\"widget\" data-widget_type=\"text-editor.default\">\n\t\t\t\t<div class=\"elementor-widget-container\">\n\t\t\t\t\t\t\t\t\t<p>Stephan Bodenmann &#8211; Propri\u00e9taire &amp; directeur<\/p>\n\t\t\t\t\t\t\t\t<\/div>\n\t\t\t\t<\/div>\n\t\t\t\t<div class=\"elementor-element elementor-element-2eba25c elementor-widget elementor-widget-text-editor\" data-id=\"2eba25c\" data-element_type=\"widget\" data-e-type=\"widget\" data-widget_type=\"text-editor.default\">\n\t\t\t\t<div class=\"elementor-widget-container\">\n\t\t\t\t\t\t\t\t\t<p>Registre du commerce<\/p>\n\t\t\t\t\t\t\t\t<\/div>\n\t\t\t\t<\/div>\n\t\t\t\t<div class=\"elementor-element elementor-element-0b6077b elementor-widget elementor-widget-text-editor\" data-id=\"0b6077b\" data-element_type=\"widget\" data-e-type=\"widget\" data-widget_type=\"text-editor.default\">\n\t\t\t\t<div class=\"elementor-widget-container\">\n\t\t\t\t\t\t\t\t\t<p>Forme juridique: entreprise individuelle<br \/>UID: CHE-107.596.149<br \/>CH-ID: CH-280-1900373-9<\/p>\n\t\t\t\t\t\t\t\t<\/div>\n\t\t\t\t<\/div>\n\t\t\t\t<div class=\"elementor-element elementor-element-de8cd36 elementor-widget elementor-widget-text-editor\" data-id=\"de8cd36\" data-element_type=\"widget\" data-e-type=\"widget\" data-widget_type=\"text-editor.default\">\n\t\t\t\t<div class=\"elementor-widget-container\">\n\t\t\t\t\t\t\t\t\t<p>Clause de non-responsabilit\u00e9<\/p>\n\t\t\t\t\t\t\t\t<\/div>\n\t\t\t\t<\/div>\n\t\t\t\t<div class=\"elementor-element elementor-element-4cf5167 elementor-widget elementor-widget-text-editor\" data-id=\"4cf5167\" data-element_type=\"widget\" data-e-type=\"widget\" data-widget_type=\"text-editor.default\">\n\t\t\t\t<div class=\"elementor-widget-container\">\n\t\t\t\t\t\t\t\t\t<p>L&rsquo;auteur n&rsquo;assume aucune responsabilit\u00e9 quant \u00e0 la v\u00e9racit\u00e9, l&rsquo;exactitude, l&rsquo;actualit\u00e9, la fiabilit\u00e9 et l&rsquo;exhaustivit\u00e9 du contenu des informations.<\/p>\n<p>L&rsquo;auteur ne saurait \u00eatre tenu pour responsable des dommages mat\u00e9riels ou immat\u00e9riels qui pourraient \u00eatre caus\u00e9s par l&rsquo;acc\u00e8s aux informations diffus\u00e9es ou par leur utilisation ou non-utilisation, par le mauvais usage de la connexion ou par des probl\u00e8mes techniques.<\/p>\n<p>Toutes les offres sont sans engagement. L&rsquo;auteur se r\u00e9serve express\u00e9ment le droit de modifier, de compl\u00e9ter ou de supprimer des parties de pages ou l&rsquo;ensemble de l&rsquo;offre sans pr\u00e9avis particulier, ou d&rsquo;en suspendre temporairement ou d\u00e9finitivement la publication.<\/p>\n\t\t\t\t\t\t\t\t<\/div>\n\t\t\t\t<\/div>\n\t\t\t\t<div class=\"elementor-element elementor-element-92d579a elementor-widget elementor-widget-text-editor\" data-id=\"92d579a\" data-element_type=\"widget\" data-e-type=\"widget\" data-widget_type=\"text-editor.default\">\n\t\t\t\t<div class=\"elementor-widget-container\">\n\t\t\t\t\t\t\t\t\t<p>Clause de non-responsabilit\u00e9 pour les liens<\/p>\n\t\t\t\t\t\t\t\t<\/div>\n\t\t\t\t<\/div>\n\t\t\t\t<div class=\"elementor-element elementor-element-5d02115 elementor-widget elementor-widget-text-editor\" data-id=\"5d02115\" data-element_type=\"widget\" data-e-type=\"widget\" data-widget_type=\"text-editor.default\">\n\t\t\t\t<div class=\"elementor-widget-container\">\n\t\t\t\t\t\t\t\t\t<p>Les renvois et liens vers des sites web de tiers ne rel\u00e8vent pas de notre responsabilit\u00e9. Nous d\u00e9clinons toute responsabilit\u00e9 pour de tels sites. L&rsquo;acc\u00e8s \u00e0 de tels sites et leur utilisation se font aux risques et p\u00e9rils de l&rsquo;utilisateur concern\u00e9.<\/p>\n\t\t\t\t\t\t\t\t<\/div>\n\t\t\t\t<\/div>\n\t\t\t\t<div class=\"elementor-element elementor-element-e1c8e8a elementor-widget elementor-widget-text-editor\" data-id=\"e1c8e8a\" data-element_type=\"widget\" data-e-type=\"widget\" data-widget_type=\"text-editor.default\">\n\t\t\t\t<div class=\"elementor-widget-container\">\n\t\t\t\t\t\t\t\t\t<p>Droits d&rsquo;auteur<\/p>\n\t\t\t\t\t\t\t\t<\/div>\n\t\t\t\t<\/div>\n\t\t\t\t<div class=\"elementor-element elementor-element-1a4c24a elementor-widget elementor-widget-text-editor\" data-id=\"1a4c24a\" data-element_type=\"widget\" data-e-type=\"widget\" data-widget_type=\"text-editor.default\">\n\t\t\t\t<div class=\"elementor-widget-container\">\n\t\t\t\t\t\t\t\t\t<p>Les droits d&rsquo;auteur et tous les autres droits li\u00e9s aux contenus, images, photos ou autres fichiers pr\u00e9sents sur ce site Internet appartiennent exclusivement \u00e0 la soci\u00e9t\u00e9 stema Motorger\u00e4te ou aux titulaires de droits sp\u00e9cialement cit\u00e9s. Pour la reproduction de tout \u00e9l\u00e9ment, l&rsquo;accord \u00e9crit du d\u00e9tenteur des droits d&rsquo;auteur doit \u00eatre obtenu au pr\u00e9alable.<\/p>\n<p>Source: <a href=\"https:\/\/www.swissanwalt.ch\/\">SwissAnwalt<\/a><\/p>\n\t\t\t\t\t\t\t\t<\/div>\n\t\t\t\t<\/div>\n\t\t\t\t\t<\/div>\n\t\t<\/div>\n\t\t\t\t\t<\/div>\n\t\t<\/section>\n\t\t\t\t\t<\/div>\n\t\t<\/div>\n\t\t\t\t\t<\/div>\n\t\t<\/section>\n\t\t\t\t<\/div>\n\t\t","protected":false},"excerpt":{"rendered":"<p>Mentions l\u00e9gales Adresse de contact stema MOTORGER\u00c4TEStephan BodenmannVoreichstrasse 24417 ZiefenSuisse Tel: 061 933 93 93E-Mail: info@stema.ch Personne(s) habilit\u00e9e(s) \u00e0 repr\u00e9senter l&rsquo;association Stephan Bodenmann &#8211; Propri\u00e9taire &amp; directeur Registre du commerce Forme juridique: entreprise individuelleUID: CHE-107.596.149CH-ID: CH-280-1900373-9 Clause de non-responsabilit\u00e9 L&rsquo;auteur n&rsquo;assume aucune responsabilit\u00e9 quant \u00e0 la v\u00e9racit\u00e9, l&rsquo;exactitude, l&rsquo;actualit\u00e9, la fiabilit\u00e9 et l&rsquo;exhaustivit\u00e9 du contenu [&hellip;]<\/p>\n","protected":false},"author":1,"featured_media":0,"parent":0,"menu_order":0,"comment_status":"closed","ping_status":"closed","template":"","meta":{"footnotes":""},"class_list":["post-7996","page","type-page","status-publish","hentry"],"yoast_head":"<!-- This site is optimized with the Yoast SEO plugin v27.4 - https:\/\/yoast.com\/product\/yoast-seo-wordpress\/ -->\r\n<title>Mentions l\u00e9gales - Stema Motorger&auml;te<\/title>\r\n<meta name=\"robots\" content=\"noindex, follow\" \/>\r\n<meta property=\"og:locale\" content=\"fr_FR\" \/>\r\n<meta property=\"og:type\" content=\"article\" \/>\r\n<meta property=\"og:title\" content=\"Mentions l\u00e9gales - Stema Motorger&auml;te\" \/>\r\n<meta property=\"og:description\" content=\"Mentions l\u00e9gales Adresse de contact stema MOTORGER\u00c4TEStephan BodenmannVoreichstrasse 24417 ZiefenSuisse Tel: 061 933 93 93E-Mail: info@stema.ch Personne(s) habilit\u00e9e(s) \u00e0 repr\u00e9senter l&rsquo;association Stephan Bodenmann &#8211; Propri\u00e9taire &amp; directeur Registre du commerce Forme juridique: entreprise individuelleUID: CHE-107.596.149CH-ID: CH-280-1900373-9 Clause de non-responsabilit\u00e9 L&rsquo;auteur n&rsquo;assume aucune responsabilit\u00e9 quant \u00e0 la v\u00e9racit\u00e9, l&rsquo;exactitude, l&rsquo;actualit\u00e9, la fiabilit\u00e9 et l&rsquo;exhaustivit\u00e9 du contenu [&hellip;]\" \/>\r\n<meta property=\"og:url\" content=\"https:\/\/www.stema.ch\/fr\/mentions-legales\/\" \/>\r\n<meta property=\"og:site_name\" content=\"Stema Motorger&auml;te\" \/>\r\n<meta property=\"article:modified_time\" content=\"2024-03-28T11:05:26+00:00\" \/>\r\n<meta name=\"twitter:card\" content=\"summary_large_image\" \/>\r\n<meta name=\"twitter:label1\" content=\"Dur\u00e9e de lecture estim\u00e9e\" \/>\n\t<meta name=\"twitter:data1\" content=\"1 minute\" \/>\r\n<script type=\"application\/ld+json\" class=\"yoast-schema-graph\">{\"@context\":\"https:\\\/\\\/schema.org\",\"@graph\":[{\"@type\":\"WebPage\",\"@id\":\"https:\\\/\\\/www.stema.ch\\\/fr\\\/mentions-legales\\\/\",\"url\":\"https:\\\/\\\/www.stema.ch\\\/fr\\\/mentions-legales\\\/\",\"name\":\"Mentions l\u00e9gales - Stema Motorger&auml;te\",\"isPartOf\":{\"@id\":\"https:\\\/\\\/www.stema.ch\\\/fr\\\/#website\"},\"datePublished\":\"2024-03-07T10:26:19+00:00\",\"dateModified\":\"2024-03-28T11:05:26+00:00\",\"breadcrumb\":{\"@id\":\"https:\\\/\\\/www.stema.ch\\\/fr\\\/mentions-legales\\\/#breadcrumb\"},\"inLanguage\":\"fr-FR\",\"potentialAction\":[{\"@type\":\"ReadAction\",\"target\":[\"https:\\\/\\\/www.stema.ch\\\/fr\\\/mentions-legales\\\/\"]}]},{\"@type\":\"BreadcrumbList\",\"@id\":\"https:\\\/\\\/www.stema.ch\\\/fr\\\/mentions-legales\\\/#breadcrumb\",\"itemListElement\":[{\"@type\":\"ListItem\",\"position\":1,\"name\":\"Startseite\",\"item\":\"https:\\\/\\\/www.stema.ch\\\/fr\\\/accueil\\\/\"},{\"@type\":\"ListItem\",\"position\":2,\"name\":\"Mentions l\u00e9gales\"}]},{\"@type\":\"WebSite\",\"@id\":\"https:\\\/\\\/www.stema.ch\\\/fr\\\/#website\",\"url\":\"https:\\\/\\\/www.stema.ch\\\/fr\\\/\",\"name\":\"Stema Motorger&auml;te\",\"description\":\"Grossh&auml;ndler f&uuml;r hochstehende Motorger&auml;te\",\"publisher\":{\"@id\":\"https:\\\/\\\/www.stema.ch\\\/fr\\\/#organization\"},\"potentialAction\":[{\"@type\":\"SearchAction\",\"target\":{\"@type\":\"EntryPoint\",\"urlTemplate\":\"https:\\\/\\\/www.stema.ch\\\/fr\\\/?s={search_term_string}\"},\"query-input\":{\"@type\":\"PropertyValueSpecification\",\"valueRequired\":true,\"valueName\":\"search_term_string\"}}],\"inLanguage\":\"fr-FR\"},{\"@type\":\"Organization\",\"@id\":\"https:\\\/\\\/www.stema.ch\\\/fr\\\/#organization\",\"name\":\"Stema Motorger&auml;te\",\"url\":\"https:\\\/\\\/www.stema.ch\\\/fr\\\/\",\"logo\":{\"@type\":\"ImageObject\",\"inLanguage\":\"fr-FR\",\"@id\":\"https:\\\/\\\/www.stema.ch\\\/fr\\\/#\\\/schema\\\/logo\\\/image\\\/\",\"url\":\"https:\\\/\\\/www.stema.ch\\\/wp-content\\\/uploads\\\/2024\\\/01\\\/cropped-logo-klein.jpg\",\"contentUrl\":\"https:\\\/\\\/www.stema.ch\\\/wp-content\\\/uploads\\\/2024\\\/01\\\/cropped-logo-klein.jpg\",\"width\":256,\"height\":86,\"caption\":\"Stema Motorger&auml;te\"},\"image\":{\"@id\":\"https:\\\/\\\/www.stema.ch\\\/fr\\\/#\\\/schema\\\/logo\\\/image\\\/\"}}]}<\/script>\r\n<!-- \/ Yoast SEO plugin. -->","yoast_head_json":{"title":"Mentions l\u00e9gales - Stema Motorger&auml;te","robots":{"index":"noindex","follow":"follow"},"og_locale":"fr_FR","og_type":"article","og_title":"Mentions l\u00e9gales - Stema Motorger&auml;te","og_description":"Mentions l\u00e9gales Adresse de contact stema MOTORGER\u00c4TEStephan BodenmannVoreichstrasse 24417 ZiefenSuisse Tel: 061 933 93 93E-Mail: info@stema.ch Personne(s) habilit\u00e9e(s) \u00e0 repr\u00e9senter l&rsquo;association Stephan Bodenmann &#8211; Propri\u00e9taire &amp; directeur Registre du commerce Forme juridique: entreprise individuelleUID: CHE-107.596.149CH-ID: CH-280-1900373-9 Clause de non-responsabilit\u00e9 L&rsquo;auteur n&rsquo;assume aucune responsabilit\u00e9 quant \u00e0 la v\u00e9racit\u00e9, l&rsquo;exactitude, l&rsquo;actualit\u00e9, la fiabilit\u00e9 et l&rsquo;exhaustivit\u00e9 du contenu [&hellip;]","og_url":"https:\/\/www.stema.ch\/fr\/mentions-legales\/","og_site_name":"Stema Motorger&auml;te","article_modified_time":"2024-03-28T11:05:26+00:00","twitter_card":"summary_large_image","twitter_misc":{"Dur\u00e9e de lecture estim\u00e9e":"1 minute"},"schema":{"@context":"https:\/\/schema.org","@graph":[{"@type":"WebPage","@id":"https:\/\/www.stema.ch\/fr\/mentions-legales\/","url":"https:\/\/www.stema.ch\/fr\/mentions-legales\/","name":"Mentions l\u00e9gales - Stema Motorger&auml;te","isPartOf":{"@id":"https:\/\/www.stema.ch\/fr\/#website"},"datePublished":"2024-03-07T10:26:19+00:00","dateModified":"2024-03-28T11:05:26+00:00","breadcrumb":{"@id":"https:\/\/www.stema.ch\/fr\/mentions-legales\/#breadcrumb"},"inLanguage":"fr-FR","potentialAction":[{"@type":"ReadAction","target":["https:\/\/www.stema.ch\/fr\/mentions-legales\/"]}]},{"@type":"BreadcrumbList","@id":"https:\/\/www.stema.ch\/fr\/mentions-legales\/#breadcrumb","itemListElement":[{"@type":"ListItem","position":1,"name":"Startseite","item":"https:\/\/www.stema.ch\/fr\/accueil\/"},{"@type":"ListItem","position":2,"name":"Mentions l\u00e9gales"}]},{"@type":"WebSite","@id":"https:\/\/www.stema.ch\/fr\/#website","url":"https:\/\/www.stema.ch\/fr\/","name":"Stema Motorger&auml;te","description":"Grossh&auml;ndler f&uuml;r hochstehende Motorger&auml;te","publisher":{"@id":"https:\/\/www.stema.ch\/fr\/#organization"},"potentialAction":[{"@type":"SearchAction","target":{"@type":"EntryPoint","urlTemplate":"https:\/\/www.stema.ch\/fr\/?s={search_term_string}"},"query-input":{"@type":"PropertyValueSpecification","valueRequired":true,"valueName":"search_term_string"}}],"inLanguage":"fr-FR"},{"@type":"Organization","@id":"https:\/\/www.stema.ch\/fr\/#organization","name":"Stema Motorger&auml;te","url":"https:\/\/www.stema.ch\/fr\/","logo":{"@type":"ImageObject","inLanguage":"fr-FR","@id":"https:\/\/www.stema.ch\/fr\/#\/schema\/logo\/image\/","url":"https:\/\/www.stema.ch\/wp-content\/uploads\/2024\/01\/cropped-logo-klein.jpg","contentUrl":"https:\/\/www.stema.ch\/wp-content\/uploads\/2024\/01\/cropped-logo-klein.jpg","width":256,"height":86,"caption":"Stema Motorger&auml;te"},"image":{"@id":"https:\/\/www.stema.ch\/fr\/#\/schema\/logo\/image\/"}}]}},"_links":{"self":[{"href":"https:\/\/www.stema.ch\/fr\/wp-json\/wp\/v2\/pages\/7996","targetHints":{"allow":["GET"]}}],"collection":[{"href":"https:\/\/www.stema.ch\/fr\/wp-json\/wp\/v2\/pages"}],"about":[{"href":"https:\/\/www.stema.ch\/fr\/wp-json\/wp\/v2\/types\/page"}],"author":[{"embeddable":true,"href":"https:\/\/www.stema.ch\/fr\/wp-json\/wp\/v2\/users\/1"}],"replies":[{"embeddable":true,"href":"https:\/\/www.stema.ch\/fr\/wp-json\/wp\/v2\/comments?post=7996"}],"version-history":[{"count":0,"href":"https:\/\/www.stema.ch\/fr\/wp-json\/wp\/v2\/pages\/7996\/revisions"}],"wp:attachment":[{"href":"https:\/\/www.stema.ch\/fr\/wp-json\/wp\/v2\/media?parent=7996"}],"curies":[{"name":"wp","href":"https:\/\/api.w.org\/{rel}","templated":true}]}}